{"id":4054193,"date":"2026-04-30T02:39:37","date_gmt":"2026-04-30T00:39:37","guid":{"rendered":"https:\/\/streetmarkets.fr\/app\/produit\/cardigan-en-angora-gris-datair-252-w-h-grey\/"},"modified":"2026-05-09T02:53:34","modified_gmt":"2026-05-09T00:53:34","slug":"cardigan-en-angora-gris-datair-252-w-h-grey","status":"publish","type":"product","link":"https:\/\/streetmarkets.fr\/app\/produit\/cardigan-en-angora-gris-datair-252-w-h-grey\/","title":{"rendered":"Cardigan en angora gris Datair (252 \/ W \/ H. GREY)"},"content":{"rendered":"<p>Cardigan classique \u00e0 col rond et manches raglan en m\u00e9lange d&#8217;angora gris chin\u00e9.<\/p>\n<ul>\n<li><b>Choisissez une taille au-dessus pour plus de confort.<\/b><\/li>\n<li>Coupe classique : Con\u00e7u avec une coupe \u00e9quilibr\u00e9e qui \u00e9pouse les lignes naturelles du corps.<\/li>\n<li>Col rond<\/li>\n<li>Manches longues<\/li>\n<li>Bords c\u00f4tes<\/li>\n<li>Jauge moyenne, 1 fil<\/li>\n<\/ul>\n","protected":false},"excerpt":{"rendered":"<p>Cardigan classique \u00e0 col rond et manches raglan en m\u00e9lange d&#8217;angora gris chin\u00e9. Choisissez une taille au-dessus pour plus de confort. Coupe classique : Con\u00e7u avec une coupe \u00e9quilibr\u00e9e qui \u00e9pouse les lignes naturelles du corps. Col rond Manches longues Bords c\u00f4tes Jauge moyenne, 1 fil<\/p>\n","protected":false},"featured_media":4107996,"comment_status":"open","ping_status":"closed","template":"","meta":[],"product_brand":[2529],"product_cat":[],"product_tag":[],"acf":[],"_links":{"self":[{"href":"https:\/\/streetmarkets.fr\/app\/wp-json\/wp\/v2\/product\/4054193"}],"collection":[{"href":"https:\/\/streetmarkets.fr\/app\/wp-json\/wp\/v2\/product"}],"about":[{"href":"https:\/\/streetmarkets.fr\/app\/wp-json\/wp\/v2\/types\/product"}],"replies":[{"embeddable":true,"href":"https:\/\/streetmarkets.fr\/app\/wp-json\/wp\/v2\/comments?post=4054193"}],"wp:featuredmedia":[{"embeddable":true,"href":"https:\/\/streetmarkets.fr\/app\/wp-json\/wp\/v2\/media\/4107996"}],"wp:attachment":[{"href":"https:\/\/streetmarkets.fr\/app\/wp-json\/wp\/v2\/media?parent=4054193"}],"wp:term":[{"taxonomy":"product_brand","embeddable":true,"href":"https:\/\/streetmarkets.fr\/app\/wp-json\/wp\/v2\/product_brand?post=4054193"},{"taxonomy":"product_cat","embeddable":true,"href":"https:\/\/streetmarkets.fr\/app\/wp-json\/wp\/v2\/product_cat?post=4054193"},{"taxonomy":"product_tag","embeddable":true,"href":"https:\/\/streetmarkets.fr\/app\/wp-json\/wp\/v2\/product_tag?post=4054193"}],"curies":[{"name":"wp","href":"https:\/\/api.w.org\/{rel}","templated":true}]}}