{"id":4054170,"date":"2026-04-30T02:39:35","date_gmt":"2026-04-30T00:39:35","guid":{"rendered":"https:\/\/streetmarkets.fr\/app\/produit\/cardigan-zippe-beige-clair-asedi-252-w-navy\/"},"modified":"2026-05-11T02:54:13","modified_gmt":"2026-05-11T00:54:13","slug":"cardigan-zippe-beige-clair-asedi-252-w-navy","status":"publish","type":"product","link":"https:\/\/streetmarkets.fr\/app\/produit\/cardigan-zippe-beige-clair-asedi-252-w-navy\/","title":{"rendered":"Cardigan zipp\u00e9 beige clair Asedi (252 \/ W \/ NAVY)"},"content":{"rendered":"<p>Cardigan zipp\u00e9 oversized avec un col style bomber et des bords \u00e9lastiques, confectionn\u00e9 dans un m\u00e9lange bleu marine de m\u00e9rinos extra fin et d&#8217;alpaga.<\/p>\n<ul>\n<li><b>Choisissez votre taille habituelle pour le look oversize ou optez pour une taille en dessous pour un style plus ajust\u00e9.<\/b><\/li>\n<li>Coupe oversized : coupe volontairement ample pour un effet volumineux.<\/li>\n<li>Col c\u00f4tel\u00e9 de type bomber<\/li>\n<li>Manches 3\/4<\/li>\n<li>Fermeture \u00e9claire sur devant<\/li>\n<li>Bords \u00e9lastiques<\/li>\n<li>Jauge moyenne<\/li>\n<\/ul>\n","protected":false},"excerpt":{"rendered":"<p>Cardigan zipp\u00e9 oversized avec un col style bomber et des bords \u00e9lastiques, confectionn\u00e9 dans un m\u00e9lange bleu marine de m\u00e9rinos extra fin et d&#8217;alpaga. Choisissez votre taille habituelle pour le look oversize ou optez pour une taille en dessous pour un style plus ajust\u00e9. Coupe oversized : coupe volontairement ample pour un effet volumineux. Col [&hellip;]<\/p>\n","protected":false},"featured_media":4118758,"comment_status":"open","ping_status":"closed","template":"","meta":[],"product_brand":[2529],"product_cat":[],"product_tag":[],"acf":[],"_links":{"self":[{"href":"https:\/\/streetmarkets.fr\/app\/wp-json\/wp\/v2\/product\/4054170"}],"collection":[{"href":"https:\/\/streetmarkets.fr\/app\/wp-json\/wp\/v2\/product"}],"about":[{"href":"https:\/\/streetmarkets.fr\/app\/wp-json\/wp\/v2\/types\/product"}],"replies":[{"embeddable":true,"href":"https:\/\/streetmarkets.fr\/app\/wp-json\/wp\/v2\/comments?post=4054170"}],"wp:featuredmedia":[{"embeddable":true,"href":"https:\/\/streetmarkets.fr\/app\/wp-json\/wp\/v2\/media\/4118758"}],"wp:attachment":[{"href":"https:\/\/streetmarkets.fr\/app\/wp-json\/wp\/v2\/media?parent=4054170"}],"wp:term":[{"taxonomy":"product_brand","embeddable":true,"href":"https:\/\/streetmarkets.fr\/app\/wp-json\/wp\/v2\/product_brand?post=4054170"},{"taxonomy":"product_cat","embeddable":true,"href":"https:\/\/streetmarkets.fr\/app\/wp-json\/wp\/v2\/product_cat?post=4054170"},{"taxonomy":"product_tag","embeddable":true,"href":"https:\/\/streetmarkets.fr\/app\/wp-json\/wp\/v2\/product_tag?post=4054170"}],"curies":[{"name":"wp","href":"https:\/\/api.w.org\/{rel}","templated":true}]}}