{"id":4054083,"date":"2026-04-30T02:39:27","date_gmt":"2026-04-30T00:39:27","guid":{"rendered":"https:\/\/streetmarkets.fr\/app\/produit\/veste-sans-manches-verte-hoch-251-m-dark-olive\/"},"modified":"2026-05-15T02:47:06","modified_gmt":"2026-05-15T00:47:06","slug":"veste-sans-manches-verte-hoch-251-m-dark-olive","status":"publish","type":"product","link":"https:\/\/streetmarkets.fr\/app\/produit\/veste-sans-manches-verte-hoch-251-m-dark-olive\/","title":{"rendered":"Veste sans manches verte Hoch (251 \/ M \/ DARK OLIVE)"},"content":{"rendered":"<p>Veste sans manches classique \u00e0 col rond avec fermeture zipp\u00e9e sur le devant, en tissu matelass\u00e9 vert olive.<\/p>\n<ul>\n<li>Coupe slim et droite<\/li>\n<li>Rembourrage l\u00e9ger<\/li>\n<li>Sans manches<\/li>\n<li>Col rond<\/li>\n<li>Matelass\u00e9<\/li>\n<li>Poches lat\u00e9rales<\/li>\n<\/ul>\n","protected":false},"excerpt":{"rendered":"<p>Veste sans manches classique \u00e0 col rond avec fermeture zipp\u00e9e sur le devant, en tissu matelass\u00e9 vert olive. Coupe slim et droite Rembourrage l\u00e9ger Sans manches Col rond Matelass\u00e9 Poches lat\u00e9rales<\/p>\n","protected":false},"featured_media":4141132,"comment_status":"open","ping_status":"closed","template":"","meta":[],"product_brand":[2529],"product_cat":[],"product_tag":[],"acf":[],"_links":{"self":[{"href":"https:\/\/streetmarkets.fr\/app\/wp-json\/wp\/v2\/product\/4054083"}],"collection":[{"href":"https:\/\/streetmarkets.fr\/app\/wp-json\/wp\/v2\/product"}],"about":[{"href":"https:\/\/streetmarkets.fr\/app\/wp-json\/wp\/v2\/types\/product"}],"replies":[{"embeddable":true,"href":"https:\/\/streetmarkets.fr\/app\/wp-json\/wp\/v2\/comments?post=4054083"}],"wp:featuredmedia":[{"embeddable":true,"href":"https:\/\/streetmarkets.fr\/app\/wp-json\/wp\/v2\/media\/4141132"}],"wp:attachment":[{"href":"https:\/\/streetmarkets.fr\/app\/wp-json\/wp\/v2\/media?parent=4054083"}],"wp:term":[{"taxonomy":"product_brand","embeddable":true,"href":"https:\/\/streetmarkets.fr\/app\/wp-json\/wp\/v2\/product_brand?post=4054083"},{"taxonomy":"product_cat","embeddable":true,"href":"https:\/\/streetmarkets.fr\/app\/wp-json\/wp\/v2\/product_cat?post=4054083"},{"taxonomy":"product_tag","embeddable":true,"href":"https:\/\/streetmarkets.fr\/app\/wp-json\/wp\/v2\/product_tag?post=4054083"}],"curies":[{"name":"wp","href":"https:\/\/api.w.org\/{rel}","templated":true}]}}