{"id":4054071,"date":"2026-04-30T02:39:26","date_gmt":"2026-04-30T00:39:26","guid":{"rendered":"https:\/\/streetmarkets.fr\/app\/produit\/sweatshirt-col-rond-matt-251-m-parker\/"},"modified":"2026-05-08T02:53:49","modified_gmt":"2026-05-08T00:53:49","slug":"sweatshirt-col-rond-matt-251-m-parker","status":"publish","type":"product","link":"https:\/\/streetmarkets.fr\/app\/produit\/sweatshirt-col-rond-matt-251-m-parker\/","title":{"rendered":"Sweatshirt col rond Matt (251 \/ M \/ PARKER)"},"content":{"rendered":"<p>Sweatshirt classique \u00e0 col rond avec coutures incurv\u00e9es aux \u00e9paules et bords c\u00f4tes, en molleton de coton bross\u00e9 bleu encre.<\/p>\n<ul>\n<li>Coupe classique<\/li>\n<li>Col rond<\/li>\n<li>Manches longues<\/li>\n<li>Bords c\u00f4tel\u00e9s<\/li>\n<li>Jersey de coton bross\u00e9 des deux c\u00f4t\u00e9s pour une finition douce<\/li>\n<\/ul>\n","protected":false},"excerpt":{"rendered":"<p>Sweatshirt classique \u00e0 col rond avec coutures incurv\u00e9es aux \u00e9paules et bords c\u00f4tes, en molleton de coton bross\u00e9 bleu encre. Coupe classique Col rond Manches longues Bords c\u00f4tel\u00e9s Jersey de coton bross\u00e9 des deux c\u00f4t\u00e9s pour une finition douce<\/p>\n","protected":false},"featured_media":4102417,"comment_status":"open","ping_status":"closed","template":"","meta":[],"product_brand":[2529],"product_cat":[],"product_tag":[],"acf":[],"_links":{"self":[{"href":"https:\/\/streetmarkets.fr\/app\/wp-json\/wp\/v2\/product\/4054071"}],"collection":[{"href":"https:\/\/streetmarkets.fr\/app\/wp-json\/wp\/v2\/product"}],"about":[{"href":"https:\/\/streetmarkets.fr\/app\/wp-json\/wp\/v2\/types\/product"}],"replies":[{"embeddable":true,"href":"https:\/\/streetmarkets.fr\/app\/wp-json\/wp\/v2\/comments?post=4054071"}],"wp:featuredmedia":[{"embeddable":true,"href":"https:\/\/streetmarkets.fr\/app\/wp-json\/wp\/v2\/media\/4102417"}],"wp:attachment":[{"href":"https:\/\/streetmarkets.fr\/app\/wp-json\/wp\/v2\/media?parent=4054071"}],"wp:term":[{"taxonomy":"product_brand","embeddable":true,"href":"https:\/\/streetmarkets.fr\/app\/wp-json\/wp\/v2\/product_brand?post=4054071"},{"taxonomy":"product_cat","embeddable":true,"href":"https:\/\/streetmarkets.fr\/app\/wp-json\/wp\/v2\/product_cat?post=4054071"},{"taxonomy":"product_tag","embeddable":true,"href":"https:\/\/streetmarkets.fr\/app\/wp-json\/wp\/v2\/product_tag?post=4054071"}],"curies":[{"name":"wp","href":"https:\/\/api.w.org\/{rel}","templated":true}]}}