{"id":4053997,"date":"2026-04-30T02:39:18","date_gmt":"2026-04-30T00:39:18","guid":{"rendered":"https:\/\/streetmarkets.fr\/app\/produit\/pantalon-tailleur-bleu-dominic-252-w-america\/"},"modified":"2026-05-09T02:53:34","modified_gmt":"2026-05-09T00:53:34","slug":"pantalon-tailleur-bleu-dominic-252-w-america","status":"publish","type":"product","link":"https:\/\/streetmarkets.fr\/app\/produit\/pantalon-tailleur-bleu-dominic-252-w-america\/","title":{"rendered":"Pantalon tailleur bleu Dominic (252 \/ W \/ AMERICA)"},"content":{"rendered":"<p>Pantalon taille haute de style tailleur, avec plis sur le devant et jambes droites, en twill bleu marine.<\/p>\n<ul>\n<li>Coupe standard, style tailleur<\/li>\n<li>Taille haute, jambes droites<\/li>\n<li>Sans \u00e9lasticit\u00e9<\/li>\n<li>Devant pliss\u00e9<\/li>\n<li>Poches arri\u00e8re passepoil\u00e9es<\/li>\n<li>Passants pour ceinture<\/li>\n<li>Fermeture \u00e9clair et crochet<\/li>\n<li>Entrejambe : 31&#8243; (bas\u00e9e sur une taille 36)<\/li>\n<li>La longueur d\u2019entrejambe s\u2019ajuste l\u00e9g\u00e8rement en fonction de la taille s\u00e9lectionn\u00e9e pour garantir une coupe proportionn\u00e9e.<\/li>\n<\/ul>\n","protected":false},"excerpt":{"rendered":"<p>Pantalon taille haute de style tailleur, avec plis sur le devant et jambes droites, en twill bleu marine. Coupe standard, style tailleur Taille haute, jambes droites Sans \u00e9lasticit\u00e9 Devant pliss\u00e9 Poches arri\u00e8re passepoil\u00e9es Passants pour ceinture Fermeture \u00e9clair et crochet Entrejambe : 31&#8243; (bas\u00e9e sur une taille 36) La longueur d\u2019entrejambe s\u2019ajuste l\u00e9g\u00e8rement en fonction [&hellip;]<\/p>\n","protected":false},"featured_media":4107890,"comment_status":"open","ping_status":"closed","template":"","meta":[],"product_brand":[2529],"product_cat":[],"product_tag":[],"acf":[],"_links":{"self":[{"href":"https:\/\/streetmarkets.fr\/app\/wp-json\/wp\/v2\/product\/4053997"}],"collection":[{"href":"https:\/\/streetmarkets.fr\/app\/wp-json\/wp\/v2\/product"}],"about":[{"href":"https:\/\/streetmarkets.fr\/app\/wp-json\/wp\/v2\/types\/product"}],"replies":[{"embeddable":true,"href":"https:\/\/streetmarkets.fr\/app\/wp-json\/wp\/v2\/comments?post=4053997"}],"wp:featuredmedia":[{"embeddable":true,"href":"https:\/\/streetmarkets.fr\/app\/wp-json\/wp\/v2\/media\/4107890"}],"wp:attachment":[{"href":"https:\/\/streetmarkets.fr\/app\/wp-json\/wp\/v2\/media?parent=4053997"}],"wp:term":[{"taxonomy":"product_brand","embeddable":true,"href":"https:\/\/streetmarkets.fr\/app\/wp-json\/wp\/v2\/product_brand?post=4053997"},{"taxonomy":"product_cat","embeddable":true,"href":"https:\/\/streetmarkets.fr\/app\/wp-json\/wp\/v2\/product_cat?post=4053997"},{"taxonomy":"product_tag","embeddable":true,"href":"https:\/\/streetmarkets.fr\/app\/wp-json\/wp\/v2\/product_tag?post=4053997"}],"curies":[{"name":"wp","href":"https:\/\/api.w.org\/{rel}","templated":true}]}}