{"id":4053985,"date":"2026-04-30T02:39:17","date_gmt":"2026-04-30T00:39:17","guid":{"rendered":"https:\/\/streetmarkets.fr\/app\/produit\/pull-a-manches-raglan-delen-252-w-navy\/"},"modified":"2026-05-11T02:53:15","modified_gmt":"2026-05-11T00:53:15","slug":"pull-a-manches-raglan-delen-252-w-navy","status":"publish","type":"product","link":"https:\/\/streetmarkets.fr\/app\/produit\/pull-a-manches-raglan-delen-252-w-navy\/","title":{"rendered":"Pull \u00e0 manches raglan Delen (252 \/ W \/ NAVY)"},"content":{"rendered":"<p>Pull classique \u00e0 manches raglan en laine m\u00e9rinos bleu marine.<\/p>\n<ul>\n<li><b>Taille normalement<\/b><\/li>\n<li>Coupe classique : coupe standard aux proportions \u00e9quilibr\u00e9es.<\/li>\n<li>Col ras du cou<\/li>\n<li>Manches marteau<\/li>\n<li>Bords c\u00f4tel\u00e9s<\/li>\n<li>Jauge fine<\/li>\n<\/ul>\n","protected":false},"excerpt":{"rendered":"<p>Pull classique \u00e0 manches raglan en laine m\u00e9rinos bleu marine. Taille normalement Coupe classique : coupe standard aux proportions \u00e9quilibr\u00e9es. Col ras du cou Manches marteau Bords c\u00f4tel\u00e9s Jauge fine<\/p>\n","protected":false},"featured_media":4118659,"comment_status":"open","ping_status":"closed","template":"","meta":[],"product_brand":[2529],"product_cat":[],"product_tag":[],"acf":[],"_links":{"self":[{"href":"https:\/\/streetmarkets.fr\/app\/wp-json\/wp\/v2\/product\/4053985"}],"collection":[{"href":"https:\/\/streetmarkets.fr\/app\/wp-json\/wp\/v2\/product"}],"about":[{"href":"https:\/\/streetmarkets.fr\/app\/wp-json\/wp\/v2\/types\/product"}],"replies":[{"embeddable":true,"href":"https:\/\/streetmarkets.fr\/app\/wp-json\/wp\/v2\/comments?post=4053985"}],"wp:featuredmedia":[{"embeddable":true,"href":"https:\/\/streetmarkets.fr\/app\/wp-json\/wp\/v2\/media\/4118659"}],"wp:attachment":[{"href":"https:\/\/streetmarkets.fr\/app\/wp-json\/wp\/v2\/media?parent=4053985"}],"wp:term":[{"taxonomy":"product_brand","embeddable":true,"href":"https:\/\/streetmarkets.fr\/app\/wp-json\/wp\/v2\/product_brand?post=4053985"},{"taxonomy":"product_cat","embeddable":true,"href":"https:\/\/streetmarkets.fr\/app\/wp-json\/wp\/v2\/product_cat?post=4053985"},{"taxonomy":"product_tag","embeddable":true,"href":"https:\/\/streetmarkets.fr\/app\/wp-json\/wp\/v2\/product_tag?post=4053985"}],"curies":[{"name":"wp","href":"https:\/\/api.w.org\/{rel}","templated":true}]}}