{"id":4053969,"date":"2026-04-30T02:39:15","date_gmt":"2026-04-30T00:39:15","guid":{"rendered":"https:\/\/streetmarkets.fr\/app\/produit\/jean-large-bleu-denim-n-61-252-w-vintage-lt-blue\/"},"modified":"2026-05-07T02:43:56","modified_gmt":"2026-05-07T00:43:56","slug":"jean-large-bleu-denim-n-61-252-w-vintage-lt-blue","status":"publish","type":"product","link":"https:\/\/streetmarkets.fr\/app\/produit\/jean-large-bleu-denim-n-61-252-w-vintage-lt-blue\/","title":{"rendered":"Jean large bleu &#8211; Denim N. 61 (252 \/ W \/ VINTAGE LT BLUE)"},"content":{"rendered":"<p>Jean ajust\u00e9 aux hanches, avec une taille tr\u00e8s haute et des jambes larges, en denim de coton bleu clair avec un effet vintage.<\/p>\n<ul>\n<li><b>Choisissez une taille en dessous pour une coupe plus ajust\u00e9e.<\/b><\/li>\n<li>Coupe ajust\u00e9e aux hanches : \u00c9pouse parfaitement les hanches pour une silhouette ajust\u00e9e qui met la silhouette en valeur.<\/li>\n<li>Taille tr\u00e8s haute, jambes larges<\/li>\n<li>Denim de poids moyen, sans \u00e9lasticit\u00e9<\/li>\n<li>Denim de coton bleu clair avec un effet vintage<\/li>\n<li>Braguette zipp\u00e9e<\/li>\n<li>Entrejambe : 29&#8243; (bas\u00e9 sur une taille 26)<\/li>\n<li>La longueur d\u2019entrejambe s\u2019ajuste l\u00e9g\u00e8rement en fonction de la taille s\u00e9lectionn\u00e9e pour garantir une coupe proportionn\u00e9e.<\/li>\n<li>Pr\u00e9c\u00e9demment : Jean Poker<\/li>\n<\/ul>\n","protected":false},"excerpt":{"rendered":"<p>Jean ajust\u00e9 aux hanches, avec une taille tr\u00e8s haute et des jambes larges, en denim de coton bleu clair avec un effet vintage. Choisissez une taille en dessous pour une coupe plus ajust\u00e9e. Coupe ajust\u00e9e aux hanches : \u00c9pouse parfaitement les hanches pour une silhouette ajust\u00e9e qui met la silhouette en valeur. Taille tr\u00e8s haute, [&hellip;]<\/p>\n","protected":false},"featured_media":4096488,"comment_status":"open","ping_status":"closed","template":"","meta":[],"product_brand":[2529],"product_cat":[],"product_tag":[],"acf":[],"_links":{"self":[{"href":"https:\/\/streetmarkets.fr\/app\/wp-json\/wp\/v2\/product\/4053969"}],"collection":[{"href":"https:\/\/streetmarkets.fr\/app\/wp-json\/wp\/v2\/product"}],"about":[{"href":"https:\/\/streetmarkets.fr\/app\/wp-json\/wp\/v2\/types\/product"}],"replies":[{"embeddable":true,"href":"https:\/\/streetmarkets.fr\/app\/wp-json\/wp\/v2\/comments?post=4053969"}],"wp:featuredmedia":[{"embeddable":true,"href":"https:\/\/streetmarkets.fr\/app\/wp-json\/wp\/v2\/media\/4096488"}],"wp:attachment":[{"href":"https:\/\/streetmarkets.fr\/app\/wp-json\/wp\/v2\/media?parent=4053969"}],"wp:term":[{"taxonomy":"product_brand","embeddable":true,"href":"https:\/\/streetmarkets.fr\/app\/wp-json\/wp\/v2\/product_brand?post=4053969"},{"taxonomy":"product_cat","embeddable":true,"href":"https:\/\/streetmarkets.fr\/app\/wp-json\/wp\/v2\/product_cat?post=4053969"},{"taxonomy":"product_tag","embeddable":true,"href":"https:\/\/streetmarkets.fr\/app\/wp-json\/wp\/v2\/product_tag?post=4053969"}],"curies":[{"name":"wp","href":"https:\/\/api.w.org\/{rel}","templated":true}]}}