{"id":4053953,"date":"2026-04-30T02:39:13","date_gmt":"2026-04-30T00:39:13","guid":{"rendered":"https:\/\/streetmarkets.fr\/app\/produit\/pantalon-decontracte-en-noir-delave-pasop-252-w-off-black\/"},"modified":"2026-05-12T02:43:38","modified_gmt":"2026-05-12T00:43:38","slug":"pantalon-decontracte-en-noir-delave-pasop-252-w-off-black","status":"publish","type":"product","link":"https:\/\/streetmarkets.fr\/app\/produit\/pantalon-decontracte-en-noir-delave-pasop-252-w-off-black\/","title":{"rendered":"Pantalon d\u00e9contract\u00e9 en noir d\u00e9lav\u00e9 Pasop (252 \/ W \/ OFF BLACK)"},"content":{"rendered":"<p>Pantalon d\u00e9contract\u00e9 avec taille arri\u00e8re \u00e9lastiqu\u00e9e, en coton et lin noir.<\/p>\n<ul>\n<li>Coupe d\u00e9contract\u00e9e<\/li>\n<li>Jambes droites<\/li>\n<li>Taille arri\u00e8re \u00e9lastiqu\u00e9e<\/li>\n<li>Sans \u00e9lasticit\u00e9<\/li>\n<li>Poche \u00e0 l&#8217;arri\u00e8re<\/li>\n<li>Fermeture zipp\u00e9e et bouton sur le devant<\/li>\n<\/ul>\n","protected":false},"excerpt":{"rendered":"<p>Pantalon d\u00e9contract\u00e9 avec taille arri\u00e8re \u00e9lastiqu\u00e9e, en coton et lin noir. Coupe d\u00e9contract\u00e9e Jambes droites Taille arri\u00e8re \u00e9lastiqu\u00e9e Sans \u00e9lasticit\u00e9 Poche \u00e0 l&#8217;arri\u00e8re Fermeture zipp\u00e9e et bouton sur le devant<\/p>\n","protected":false},"featured_media":4123760,"comment_status":"open","ping_status":"closed","template":"","meta":[],"product_brand":[2529],"product_cat":[],"product_tag":[],"acf":[],"_links":{"self":[{"href":"https:\/\/streetmarkets.fr\/app\/wp-json\/wp\/v2\/product\/4053953"}],"collection":[{"href":"https:\/\/streetmarkets.fr\/app\/wp-json\/wp\/v2\/product"}],"about":[{"href":"https:\/\/streetmarkets.fr\/app\/wp-json\/wp\/v2\/types\/product"}],"replies":[{"embeddable":true,"href":"https:\/\/streetmarkets.fr\/app\/wp-json\/wp\/v2\/comments?post=4053953"}],"wp:featuredmedia":[{"embeddable":true,"href":"https:\/\/streetmarkets.fr\/app\/wp-json\/wp\/v2\/media\/4123760"}],"wp:attachment":[{"href":"https:\/\/streetmarkets.fr\/app\/wp-json\/wp\/v2\/media?parent=4053953"}],"wp:term":[{"taxonomy":"product_brand","embeddable":true,"href":"https:\/\/streetmarkets.fr\/app\/wp-json\/wp\/v2\/product_brand?post=4053953"},{"taxonomy":"product_cat","embeddable":true,"href":"https:\/\/streetmarkets.fr\/app\/wp-json\/wp\/v2\/product_cat?post=4053953"},{"taxonomy":"product_tag","embeddable":true,"href":"https:\/\/streetmarkets.fr\/app\/wp-json\/wp\/v2\/product_tag?post=4053953"}],"curies":[{"name":"wp","href":"https:\/\/api.w.org\/{rel}","templated":true}]}}