{"id":4053933,"date":"2026-04-30T02:39:12","date_gmt":"2026-04-30T00:39:12","guid":{"rendered":"https:\/\/streetmarkets.fr\/app\/produit\/pull-sans-manches-beige-daren-252-w-natural\/"},"modified":"2026-05-04T02:46:34","modified_gmt":"2026-05-04T00:46:34","slug":"pull-sans-manches-beige-daren-252-w-natural","status":"publish","type":"product","link":"https:\/\/streetmarkets.fr\/app\/produit\/pull-sans-manches-beige-daren-252-w-natural\/","title":{"rendered":"Pull sans manches beige Daren (252 \/ W \/ NATURAL)"},"content":{"rendered":"<p>Pull sans manches en maille beige avec col montant c\u00f4tel\u00e9.<\/p>\n<ul>\n<li><b>Taille unique<\/b><\/li>\n<li>Col montant c\u00f4tel\u00e9<\/li>\n<li>Corps en jersey<\/li>\n<li>Bords c\u00f4tes<\/li>\n<li>Maille \u00e9paisse, 2 fils<\/li>\n<\/ul>\n","protected":false},"excerpt":{"rendered":"<p>Pull sans manches en maille beige avec col montant c\u00f4tel\u00e9. Taille unique Col montant c\u00f4tel\u00e9 Corps en jersey Bords c\u00f4tes Maille \u00e9paisse, 2 fils<\/p>\n","protected":false},"featured_media":4079435,"comment_status":"open","ping_status":"closed","template":"","meta":[],"product_brand":[2529],"product_cat":[],"product_tag":[],"acf":[],"_links":{"self":[{"href":"https:\/\/streetmarkets.fr\/app\/wp-json\/wp\/v2\/product\/4053933"}],"collection":[{"href":"https:\/\/streetmarkets.fr\/app\/wp-json\/wp\/v2\/product"}],"about":[{"href":"https:\/\/streetmarkets.fr\/app\/wp-json\/wp\/v2\/types\/product"}],"replies":[{"embeddable":true,"href":"https:\/\/streetmarkets.fr\/app\/wp-json\/wp\/v2\/comments?post=4053933"}],"wp:featuredmedia":[{"embeddable":true,"href":"https:\/\/streetmarkets.fr\/app\/wp-json\/wp\/v2\/media\/4079435"}],"wp:attachment":[{"href":"https:\/\/streetmarkets.fr\/app\/wp-json\/wp\/v2\/media?parent=4053933"}],"wp:term":[{"taxonomy":"product_brand","embeddable":true,"href":"https:\/\/streetmarkets.fr\/app\/wp-json\/wp\/v2\/product_brand?post=4053933"},{"taxonomy":"product_cat","embeddable":true,"href":"https:\/\/streetmarkets.fr\/app\/wp-json\/wp\/v2\/product_cat?post=4053933"},{"taxonomy":"product_tag","embeddable":true,"href":"https:\/\/streetmarkets.fr\/app\/wp-json\/wp\/v2\/product_tag?post=4053933"}],"curies":[{"name":"wp","href":"https:\/\/api.w.org\/{rel}","templated":true}]}}