{"id":4053922,"date":"2026-04-30T02:39:11","date_gmt":"2026-04-30T00:39:11","guid":{"rendered":"https:\/\/streetmarkets.fr\/app\/produit\/pull-ecru-en-angora-datus-252-w-parchemin\/"},"modified":"2026-05-13T02:43:37","modified_gmt":"2026-05-13T00:43:37","slug":"pull-ecru-en-angora-datus-252-w-parchemin","status":"publish","type":"product","link":"https:\/\/streetmarkets.fr\/app\/produit\/pull-ecru-en-angora-datus-252-w-parchemin\/","title":{"rendered":"Pull \u00e9cru en angora Datus (252 \/ W \/ PARCHEMIN)"},"content":{"rendered":"<p>Pull oversized \u00e0 col rond et manches longues, confectionn\u00e9 dans un m\u00e9lange d&#8217;angora \u00e9cru.<\/p>\n<ul>\n<li><b>Choisissez votre taille habituelle pour le look oversize ou optez pour une taille en dessous pour un style plus ajust\u00e9.<\/b><\/li>\n<li>Coupe oversized : Coupe volontairement ample pour un effet volumineux.<\/li>\n<li>Col rond<\/li>\n<li>Manches longues<\/li>\n<li>\u00c9paules tombantes<\/li>\n<li>Bords c\u00f4tel\u00e9s<\/li>\n<li>Jauge moyenne, 1 fil<\/li>\n<\/ul>\n","protected":false},"excerpt":{"rendered":"<p>Pull oversized \u00e0 col rond et manches longues, confectionn\u00e9 dans un m\u00e9lange d&#8217;angora \u00e9cru. Choisissez votre taille habituelle pour le look oversize ou optez pour une taille en dessous pour un style plus ajust\u00e9. Coupe oversized : Coupe volontairement ample pour un effet volumineux. Col rond Manches longues \u00c9paules tombantes Bords c\u00f4tel\u00e9s Jauge moyenne, 1 [&hellip;]<\/p>\n","protected":false},"featured_media":4130089,"comment_status":"open","ping_status":"closed","template":"","meta":[],"product_brand":[2529],"product_cat":[],"product_tag":[],"acf":[],"_links":{"self":[{"href":"https:\/\/streetmarkets.fr\/app\/wp-json\/wp\/v2\/product\/4053922"}],"collection":[{"href":"https:\/\/streetmarkets.fr\/app\/wp-json\/wp\/v2\/product"}],"about":[{"href":"https:\/\/streetmarkets.fr\/app\/wp-json\/wp\/v2\/types\/product"}],"replies":[{"embeddable":true,"href":"https:\/\/streetmarkets.fr\/app\/wp-json\/wp\/v2\/comments?post=4053922"}],"wp:featuredmedia":[{"embeddable":true,"href":"https:\/\/streetmarkets.fr\/app\/wp-json\/wp\/v2\/media\/4130089"}],"wp:attachment":[{"href":"https:\/\/streetmarkets.fr\/app\/wp-json\/wp\/v2\/media?parent=4053922"}],"wp:term":[{"taxonomy":"product_brand","embeddable":true,"href":"https:\/\/streetmarkets.fr\/app\/wp-json\/wp\/v2\/product_brand?post=4053922"},{"taxonomy":"product_cat","embeddable":true,"href":"https:\/\/streetmarkets.fr\/app\/wp-json\/wp\/v2\/product_cat?post=4053922"},{"taxonomy":"product_tag","embeddable":true,"href":"https:\/\/streetmarkets.fr\/app\/wp-json\/wp\/v2\/product_tag?post=4053922"}],"curies":[{"name":"wp","href":"https:\/\/api.w.org\/{rel}","templated":true}]}}