{"id":4053902,"date":"2026-04-30T02:39:10","date_gmt":"2026-04-30T00:39:10","guid":{"rendered":"https:\/\/streetmarkets.fr\/app\/produit\/pull-sans-manches-bleu-marine-daren-252-w-navy\/"},"modified":"2026-05-13T02:43:37","modified_gmt":"2026-05-13T00:43:37","slug":"pull-sans-manches-bleu-marine-daren-252-w-navy","status":"publish","type":"product","link":"https:\/\/streetmarkets.fr\/app\/produit\/pull-sans-manches-bleu-marine-daren-252-w-navy\/","title":{"rendered":"Pull sans manches bleu marine Daren (252 \/ W \/ NAVY)"},"content":{"rendered":"<p>Pull sans manches en maille bleu marine avec col montant c\u00f4tel\u00e9.<\/p>\n<ul>\n<li><b>Taille unique<\/b><\/li>\n<li>Col montant c\u00f4tel\u00e9<\/li>\n<li>Corps en jersey<\/li>\n<li>Bords c\u00f4tes<\/li>\n<li>Maille \u00e9paisse, 2 fils<\/li>\n<\/ul>\n","protected":false},"excerpt":{"rendered":"<p>Pull sans manches en maille bleu marine avec col montant c\u00f4tel\u00e9. Taille unique Col montant c\u00f4tel\u00e9 Corps en jersey Bords c\u00f4tes Maille \u00e9paisse, 2 fils<\/p>\n","protected":false},"featured_media":4130073,"comment_status":"open","ping_status":"closed","template":"","meta":[],"product_brand":[2529],"product_cat":[],"product_tag":[],"acf":[],"_links":{"self":[{"href":"https:\/\/streetmarkets.fr\/app\/wp-json\/wp\/v2\/product\/4053902"}],"collection":[{"href":"https:\/\/streetmarkets.fr\/app\/wp-json\/wp\/v2\/product"}],"about":[{"href":"https:\/\/streetmarkets.fr\/app\/wp-json\/wp\/v2\/types\/product"}],"replies":[{"embeddable":true,"href":"https:\/\/streetmarkets.fr\/app\/wp-json\/wp\/v2\/comments?post=4053902"}],"wp:featuredmedia":[{"embeddable":true,"href":"https:\/\/streetmarkets.fr\/app\/wp-json\/wp\/v2\/media\/4130073"}],"wp:attachment":[{"href":"https:\/\/streetmarkets.fr\/app\/wp-json\/wp\/v2\/media?parent=4053902"}],"wp:term":[{"taxonomy":"product_brand","embeddable":true,"href":"https:\/\/streetmarkets.fr\/app\/wp-json\/wp\/v2\/product_brand?post=4053902"},{"taxonomy":"product_cat","embeddable":true,"href":"https:\/\/streetmarkets.fr\/app\/wp-json\/wp\/v2\/product_cat?post=4053902"},{"taxonomy":"product_tag","embeddable":true,"href":"https:\/\/streetmarkets.fr\/app\/wp-json\/wp\/v2\/product_tag?post=4053902"}],"curies":[{"name":"wp","href":"https:\/\/api.w.org\/{rel}","templated":true}]}}