{"id":4053880,"date":"2026-04-30T02:39:09","date_gmt":"2026-04-30T00:39:09","guid":{"rendered":"https:\/\/streetmarkets.fr\/app\/produit\/sac-banane-en-cuir-bordeaux-rosie-252-w-bordeaux\/"},"modified":"2026-05-12T02:43:38","modified_gmt":"2026-05-12T00:43:38","slug":"sac-banane-en-cuir-bordeaux-rosie-252-w-bordeaux","status":"publish","type":"product","link":"https:\/\/streetmarkets.fr\/app\/produit\/sac-banane-en-cuir-bordeaux-rosie-252-w-bordeaux\/","title":{"rendered":"Sac banane en cuir bordeaux Rosie (252 \/ W \/ BORDEAUX)"},"content":{"rendered":"<p>Sac \u00e0 bandouli\u00e8re en forme de demi-lune en cuir lisse bordeaux.<\/p>\n<ul>\n<li>Sac \u00e0 bandouli\u00e8re<\/li>\n<li>Fermeture zipp\u00e9e \u00e0 l&#8217;avant<\/li>\n<li>Sangle en coton ajustable<\/li>\n<li>Poche int\u00e9rieure en coton<\/li>\n<li>Attaches en m\u00e9tal argent\u00e9<\/li>\n<li>Anneaux en O clipsables (pour vous permettre de changer la sangle)<\/li>\n<li>Dimensions : 25 x 16 x 9 cm<\/li>\n<li>Longueur totale de la sangle : 115 cm<\/li>\n<\/ul>\n","protected":false},"excerpt":{"rendered":"<p>Sac \u00e0 bandouli\u00e8re en forme de demi-lune en cuir lisse bordeaux. Sac \u00e0 bandouli\u00e8re Fermeture zipp\u00e9e \u00e0 l&#8217;avant Sangle en coton ajustable Poche int\u00e9rieure en coton Attaches en m\u00e9tal argent\u00e9 Anneaux en O clipsables (pour vous permettre de changer la sangle) Dimensions : 25 x 16 x 9 cm Longueur totale de la sangle : [&hellip;]<\/p>\n","protected":false},"featured_media":4123707,"comment_status":"open","ping_status":"closed","template":"","meta":[],"product_brand":[2529],"product_cat":[],"product_tag":[],"acf":[],"_links":{"self":[{"href":"https:\/\/streetmarkets.fr\/app\/wp-json\/wp\/v2\/product\/4053880"}],"collection":[{"href":"https:\/\/streetmarkets.fr\/app\/wp-json\/wp\/v2\/product"}],"about":[{"href":"https:\/\/streetmarkets.fr\/app\/wp-json\/wp\/v2\/types\/product"}],"replies":[{"embeddable":true,"href":"https:\/\/streetmarkets.fr\/app\/wp-json\/wp\/v2\/comments?post=4053880"}],"wp:featuredmedia":[{"embeddable":true,"href":"https:\/\/streetmarkets.fr\/app\/wp-json\/wp\/v2\/media\/4123707"}],"wp:attachment":[{"href":"https:\/\/streetmarkets.fr\/app\/wp-json\/wp\/v2\/media?parent=4053880"}],"wp:term":[{"taxonomy":"product_brand","embeddable":true,"href":"https:\/\/streetmarkets.fr\/app\/wp-json\/wp\/v2\/product_brand?post=4053880"},{"taxonomy":"product_cat","embeddable":true,"href":"https:\/\/streetmarkets.fr\/app\/wp-json\/wp\/v2\/product_cat?post=4053880"},{"taxonomy":"product_tag","embeddable":true,"href":"https:\/\/streetmarkets.fr\/app\/wp-json\/wp\/v2\/product_tag?post=4053880"}],"curies":[{"name":"wp","href":"https:\/\/api.w.org\/{rel}","templated":true}]}}