{"id":4053868,"date":"2026-04-30T02:38:57","date_gmt":"2026-04-30T00:38:57","guid":{"rendered":"https:\/\/streetmarkets.fr\/app\/produit\/parka-a-capuche-vert-clair-laos-242-w-thym\/"},"modified":"2026-05-11T02:53:15","modified_gmt":"2026-05-11T00:53:15","slug":"parka-a-capuche-vert-clair-laos-242-w-thym","status":"publish","type":"product","link":"https:\/\/streetmarkets.fr\/app\/produit\/parka-a-capuche-vert-clair-laos-242-w-thym\/","title":{"rendered":"Parka \u00e0 capuche vert clair Laos (242 \/ W \/ THYM)"},"content":{"rendered":"<p id=\"isPasted\">Parka d\u00e9contract\u00e9e \u00e0 capuche avec fermeture \u00e9clair et boutons-pression, en toile d\u00e9perlante vert thym.<\/p>\n<ul>\n<li>Coupe oversized : Choisissez votre taille habituelle pour le look voulu ou r\u00e9duisez la taille pour un style plus ajust\u00e9.<\/li>\n<li>Capuche<\/li>\n<li>Manches longues avec poignets \u00e9lastiques<\/li>\n<li>Fermeture \u00e9clair sur le devant et bouton pression<\/li>\n<li>Toile d\u00e9perlant, non doubl\u00e9e<\/li>\n<li>Cordons de serrage contrast\u00e9s sur la capuche et l&#8217;ourlet<\/li>\n<\/ul>\n","protected":false},"excerpt":{"rendered":"<p>Parka d\u00e9contract\u00e9e \u00e0 capuche avec fermeture \u00e9clair et boutons-pression, en toile d\u00e9perlante vert thym. Coupe oversized : Choisissez votre taille habituelle pour le look voulu ou r\u00e9duisez la taille pour un style plus ajust\u00e9. Capuche Manches longues avec poignets \u00e9lastiques Fermeture \u00e9clair sur le devant et bouton pression Toile d\u00e9perlant, non doubl\u00e9e Cordons de serrage [&hellip;]<\/p>\n","protected":false},"featured_media":4118584,"comment_status":"open","ping_status":"closed","template":"","meta":[],"product_brand":[2529],"product_cat":[],"product_tag":[],"acf":[],"_links":{"self":[{"href":"https:\/\/streetmarkets.fr\/app\/wp-json\/wp\/v2\/product\/4053868"}],"collection":[{"href":"https:\/\/streetmarkets.fr\/app\/wp-json\/wp\/v2\/product"}],"about":[{"href":"https:\/\/streetmarkets.fr\/app\/wp-json\/wp\/v2\/types\/product"}],"replies":[{"embeddable":true,"href":"https:\/\/streetmarkets.fr\/app\/wp-json\/wp\/v2\/comments?post=4053868"}],"wp:featuredmedia":[{"embeddable":true,"href":"https:\/\/streetmarkets.fr\/app\/wp-json\/wp\/v2\/media\/4118584"}],"wp:attachment":[{"href":"https:\/\/streetmarkets.fr\/app\/wp-json\/wp\/v2\/media?parent=4053868"}],"wp:term":[{"taxonomy":"product_brand","embeddable":true,"href":"https:\/\/streetmarkets.fr\/app\/wp-json\/wp\/v2\/product_brand?post=4053868"},{"taxonomy":"product_cat","embeddable":true,"href":"https:\/\/streetmarkets.fr\/app\/wp-json\/wp\/v2\/product_cat?post=4053868"},{"taxonomy":"product_tag","embeddable":true,"href":"https:\/\/streetmarkets.fr\/app\/wp-json\/wp\/v2\/product_tag?post=4053868"}],"curies":[{"name":"wp","href":"https:\/\/api.w.org\/{rel}","templated":true}]}}