{"id":4053803,"date":"2026-04-30T02:38:51","date_gmt":"2026-04-30T00:38:51","guid":{"rendered":"https:\/\/streetmarkets.fr\/app\/produit\/gants-en-cuir-manhok-251-w-black\/"},"modified":"2026-05-15T02:46:00","modified_gmt":"2026-05-15T00:46:00","slug":"gants-en-cuir-manhok-251-w-black","status":"publish","type":"product","link":"https:\/\/streetmarkets.fr\/app\/produit\/gants-en-cuir-manhok-251-w-black\/","title":{"rendered":"Gants en cuir Manhok (251 \/ W \/ BLACK)"},"content":{"rendered":"<p id=\"isPasted\">Mitaines en peau de mouton retourn\u00e9e noire.<\/p>\n<ul>\n<li>Peau de mouton retourn\u00e9e<\/li>\n<li>D\u00e9tails de surpiq\u00fbres sur le dessus<\/li>\n<\/ul>\n","protected":false},"excerpt":{"rendered":"<p>Mitaines en peau de mouton retourn\u00e9e noire. Peau de mouton retourn\u00e9e D\u00e9tails de surpiq\u00fbres sur le dessus<\/p>\n","protected":false},"featured_media":4140967,"comment_status":"open","ping_status":"closed","template":"","meta":[],"product_brand":[2529],"product_cat":[],"product_tag":[],"acf":[],"_links":{"self":[{"href":"https:\/\/streetmarkets.fr\/app\/wp-json\/wp\/v2\/product\/4053803"}],"collection":[{"href":"https:\/\/streetmarkets.fr\/app\/wp-json\/wp\/v2\/product"}],"about":[{"href":"https:\/\/streetmarkets.fr\/app\/wp-json\/wp\/v2\/types\/product"}],"replies":[{"embeddable":true,"href":"https:\/\/streetmarkets.fr\/app\/wp-json\/wp\/v2\/comments?post=4053803"}],"wp:featuredmedia":[{"embeddable":true,"href":"https:\/\/streetmarkets.fr\/app\/wp-json\/wp\/v2\/media\/4140967"}],"wp:attachment":[{"href":"https:\/\/streetmarkets.fr\/app\/wp-json\/wp\/v2\/media?parent=4053803"}],"wp:term":[{"taxonomy":"product_brand","embeddable":true,"href":"https:\/\/streetmarkets.fr\/app\/wp-json\/wp\/v2\/product_brand?post=4053803"},{"taxonomy":"product_cat","embeddable":true,"href":"https:\/\/streetmarkets.fr\/app\/wp-json\/wp\/v2\/product_cat?post=4053803"},{"taxonomy":"product_tag","embeddable":true,"href":"https:\/\/streetmarkets.fr\/app\/wp-json\/wp\/v2\/product_tag?post=4053803"}],"curies":[{"name":"wp","href":"https:\/\/api.w.org\/{rel}","templated":true}]}}