{"id":4053756,"date":"2026-04-30T02:38:48","date_gmt":"2026-04-30T00:38:48","guid":{"rendered":"https:\/\/streetmarkets.fr\/app\/produit\/evolution-metallic-pour-femme-261-w-black\/"},"modified":"2026-05-09T02:52:35","modified_gmt":"2026-05-09T00:52:35","slug":"evolution-metallic-pour-femme-261-w-black","status":"publish","type":"product","link":"https:\/\/streetmarkets.fr\/app\/produit\/evolution-metallic-pour-femme-261-w-black\/","title":{"rendered":"Evolution Metallic pour Femme (261 \/ W \/ BLACK)"},"content":{"rendered":"<p>Les baskets Etonic Evolution Metallic sont dot\u00e9es d&#8217;une tige en mesh a\u00e9r\u00e9 avec des empi\u00e8cements en cuir et en textile, d&#8217;une semelle interm\u00e9diaire en EVA et d&#8217;une semelle ext\u00e9rieure en caoutchouc adh\u00e9rent.<\/p>\n<ul>\n<li>Taille normalement<\/li>\n<li>Mod\u00e8le : ETW618E01<\/li>\n<li>Couleur : Argent &#8211; Noir<\/li>\n<\/ul>\n","protected":false},"excerpt":{"rendered":"<p>Les baskets Etonic Evolution Metallic sont dot\u00e9es d&#8217;une tige en mesh a\u00e9r\u00e9 avec des empi\u00e8cements en cuir et en textile, d&#8217;une semelle interm\u00e9diaire en EVA et d&#8217;une semelle ext\u00e9rieure en caoutchouc adh\u00e9rent. Taille normalement Mod\u00e8le : ETW618E01 Couleur : Argent &#8211; Noir<\/p>\n","protected":false},"featured_media":4107749,"comment_status":"open","ping_status":"closed","template":"","meta":[],"product_brand":[],"product_cat":[],"product_tag":[],"acf":[],"_links":{"self":[{"href":"https:\/\/streetmarkets.fr\/app\/wp-json\/wp\/v2\/product\/4053756"}],"collection":[{"href":"https:\/\/streetmarkets.fr\/app\/wp-json\/wp\/v2\/product"}],"about":[{"href":"https:\/\/streetmarkets.fr\/app\/wp-json\/wp\/v2\/types\/product"}],"replies":[{"embeddable":true,"href":"https:\/\/streetmarkets.fr\/app\/wp-json\/wp\/v2\/comments?post=4053756"}],"wp:featuredmedia":[{"embeddable":true,"href":"https:\/\/streetmarkets.fr\/app\/wp-json\/wp\/v2\/media\/4107749"}],"wp:attachment":[{"href":"https:\/\/streetmarkets.fr\/app\/wp-json\/wp\/v2\/media?parent=4053756"}],"wp:term":[{"taxonomy":"product_brand","embeddable":true,"href":"https:\/\/streetmarkets.fr\/app\/wp-json\/wp\/v2\/product_brand?post=4053756"},{"taxonomy":"product_cat","embeddable":true,"href":"https:\/\/streetmarkets.fr\/app\/wp-json\/wp\/v2\/product_cat?post=4053756"},{"taxonomy":"product_tag","embeddable":true,"href":"https:\/\/streetmarkets.fr\/app\/wp-json\/wp\/v2\/product_tag?post=4053756"}],"curies":[{"name":"wp","href":"https:\/\/api.w.org\/{rel}","templated":true}]}}