{"id":4053704,"date":"2026-04-30T02:38:43","date_gmt":"2026-04-30T00:38:43","guid":{"rendered":"https:\/\/streetmarkets.fr\/app\/produit\/chapeau-de-paille-osi-261-w-natural\/"},"modified":"2026-05-10T02:56:14","modified_gmt":"2026-05-10T00:56:14","slug":"chapeau-de-paille-osi-261-w-natural","status":"publish","type":"product","link":"https:\/\/streetmarkets.fr\/app\/produit\/chapeau-de-paille-osi-261-w-natural\/","title":{"rendered":"Chapeau de paille Osi (261 \/ W \/ NATURAL)"},"content":{"rendered":"<p>Chapeau de paille tiss\u00e9 \u00e0 large bord avec bord effiloch\u00e9 et c\u0153ur brod\u00e9 rouge sur la couronne.<\/p>\n<ul>\n<li>Bord large<\/li>\n<li>Bord naturel effiloch\u00e9<\/li>\n<li>Couleur paille naturelle claire<\/li>\n<li>Logo c\u0153ur brod\u00e9 rouge sur le devant de la couronne<\/li>\n<li>Cordon int\u00e9rieur ajustable<\/li>\n<\/ul>\n","protected":false},"excerpt":{"rendered":"<p>Chapeau de paille tiss\u00e9 \u00e0 large bord avec bord effiloch\u00e9 et c\u0153ur brod\u00e9 rouge sur la couronne. Bord large Bord naturel effiloch\u00e9 Couleur paille naturelle claire Logo c\u0153ur brod\u00e9 rouge sur le devant de la couronne Cordon int\u00e9rieur ajustable<\/p>\n","protected":false},"featured_media":4112729,"comment_status":"open","ping_status":"closed","template":"","meta":[],"product_brand":[2529],"product_cat":[],"product_tag":[],"acf":[],"_links":{"self":[{"href":"https:\/\/streetmarkets.fr\/app\/wp-json\/wp\/v2\/product\/4053704"}],"collection":[{"href":"https:\/\/streetmarkets.fr\/app\/wp-json\/wp\/v2\/product"}],"about":[{"href":"https:\/\/streetmarkets.fr\/app\/wp-json\/wp\/v2\/types\/product"}],"replies":[{"embeddable":true,"href":"https:\/\/streetmarkets.fr\/app\/wp-json\/wp\/v2\/comments?post=4053704"}],"wp:featuredmedia":[{"embeddable":true,"href":"https:\/\/streetmarkets.fr\/app\/wp-json\/wp\/v2\/media\/4112729"}],"wp:attachment":[{"href":"https:\/\/streetmarkets.fr\/app\/wp-json\/wp\/v2\/media?parent=4053704"}],"wp:term":[{"taxonomy":"product_brand","embeddable":true,"href":"https:\/\/streetmarkets.fr\/app\/wp-json\/wp\/v2\/product_brand?post=4053704"},{"taxonomy":"product_cat","embeddable":true,"href":"https:\/\/streetmarkets.fr\/app\/wp-json\/wp\/v2\/product_cat?post=4053704"},{"taxonomy":"product_tag","embeddable":true,"href":"https:\/\/streetmarkets.fr\/app\/wp-json\/wp\/v2\/product_tag?post=4053704"}],"curies":[{"name":"wp","href":"https:\/\/api.w.org\/{rel}","templated":true}]}}