{"id":4053629,"date":"2026-04-30T02:38:37","date_gmt":"2026-04-30T00:38:37","guid":{"rendered":"https:\/\/streetmarkets.fr\/app\/produit\/sac-a-main-en-crochet-inga-261-w-rafia\/"},"modified":"2026-05-06T02:43:06","modified_gmt":"2026-05-06T00:43:06","slug":"sac-a-main-en-crochet-inga-261-w-rafia","status":"publish","type":"product","link":"https:\/\/streetmarkets.fr\/app\/produit\/sac-a-main-en-crochet-inga-261-w-rafia\/","title":{"rendered":"Sac \u00e0 main en crochet Inga (261 \/ W \/ RAFIA)"},"content":{"rendered":"<p>Sac \u00e0 main au crochet jaune moutarde avec longues franges sur le c\u00f4t\u00e9.<\/p>\n<ul>\n<li>Crochet en coton jaune<\/li>\n<li>2 anses au crochet<\/li>\n<li>Longues franges sur les c\u00f4t\u00e9s<\/li>\n<li>Dimensions : 42 x 35 x 5 cm<\/li>\n<li>Longueur totale de la bandouli\u00e8re : 40 cm<\/li>\n<li>Longueur des franges lat\u00e9rales : 25 cm<\/li>\n<\/ul>\n","protected":false},"excerpt":{"rendered":"<p>Sac \u00e0 main au crochet jaune moutarde avec longues franges sur le c\u00f4t\u00e9. Crochet en coton jaune 2 anses au crochet Longues franges sur les c\u00f4t\u00e9s Dimensions : 42 x 35 x 5 cm Longueur totale de la bandouli\u00e8re : 40 cm Longueur des franges lat\u00e9rales : 25 cm<\/p>\n","protected":false},"featured_media":4090950,"comment_status":"open","ping_status":"closed","template":"","meta":[],"product_brand":[2529],"product_cat":[],"product_tag":[],"acf":[],"_links":{"self":[{"href":"https:\/\/streetmarkets.fr\/app\/wp-json\/wp\/v2\/product\/4053629"}],"collection":[{"href":"https:\/\/streetmarkets.fr\/app\/wp-json\/wp\/v2\/product"}],"about":[{"href":"https:\/\/streetmarkets.fr\/app\/wp-json\/wp\/v2\/types\/product"}],"replies":[{"embeddable":true,"href":"https:\/\/streetmarkets.fr\/app\/wp-json\/wp\/v2\/comments?post=4053629"}],"wp:featuredmedia":[{"embeddable":true,"href":"https:\/\/streetmarkets.fr\/app\/wp-json\/wp\/v2\/media\/4090950"}],"wp:attachment":[{"href":"https:\/\/streetmarkets.fr\/app\/wp-json\/wp\/v2\/media?parent=4053629"}],"wp:term":[{"taxonomy":"product_brand","embeddable":true,"href":"https:\/\/streetmarkets.fr\/app\/wp-json\/wp\/v2\/product_brand?post=4053629"},{"taxonomy":"product_cat","embeddable":true,"href":"https:\/\/streetmarkets.fr\/app\/wp-json\/wp\/v2\/product_cat?post=4053629"},{"taxonomy":"product_tag","embeddable":true,"href":"https:\/\/streetmarkets.fr\/app\/wp-json\/wp\/v2\/product_tag?post=4053629"}],"curies":[{"name":"wp","href":"https:\/\/api.w.org\/{rel}","templated":true}]}}