{"id":4053581,"date":"2026-04-30T02:38:33","date_gmt":"2026-04-30T00:38:33","guid":{"rendered":"https:\/\/streetmarkets.fr\/app\/produit\/sweatshirt-a-manches-courtes-farlol-261-w-rosette\/"},"modified":"2026-05-07T02:42:11","modified_gmt":"2026-05-07T00:42:11","slug":"sweatshirt-a-manches-courtes-farlol-261-w-rosette","status":"publish","type":"product","link":"https:\/\/streetmarkets.fr\/app\/produit\/sweatshirt-a-manches-courtes-farlol-261-w-rosette\/","title":{"rendered":"Sweatshirt \u00e0 manches courtes Farlol (261 \/ W \/ ROSETTE)"},"content":{"rendered":"<p>Sweatshirt oversized \u00e0 manches courtes, col rond et \u00e9paules tombantes, confectionn\u00e9 dans un molleton l\u00e9ger et frais, couleur rose d\u00e9lav\u00e9.<\/p>\n<ul>\n<li><strong>Coupe oversized : choisissez votre taille habituelle pour le look souhait\u00e9 ou une taille en dessous pour une coupe plus ajust\u00e9e.<\/strong><\/li>\n<li>Manches courtes et \u00e9paules tombantes<\/li>\n<li>Col rond c\u00f4tel\u00e9<\/li>\n<li>Broderie \u00ab bb \u00bb sur le devant<\/li>\n<\/ul>\n","protected":false},"excerpt":{"rendered":"<p>Sweatshirt oversized \u00e0 manches courtes, col rond et \u00e9paules tombantes, confectionn\u00e9 dans un molleton l\u00e9ger et frais, couleur rose d\u00e9lav\u00e9. Coupe oversized : choisissez votre taille habituelle pour le look souhait\u00e9 ou une taille en dessous pour une coupe plus ajust\u00e9e. Manches courtes et \u00e9paules tombantes Col rond c\u00f4tel\u00e9 Broderie \u00ab bb \u00bb sur le [&hellip;]<\/p>\n","protected":false},"featured_media":4096248,"comment_status":"open","ping_status":"closed","template":"","meta":[],"product_brand":[2529],"product_cat":[],"product_tag":[],"acf":[],"_links":{"self":[{"href":"https:\/\/streetmarkets.fr\/app\/wp-json\/wp\/v2\/product\/4053581"}],"collection":[{"href":"https:\/\/streetmarkets.fr\/app\/wp-json\/wp\/v2\/product"}],"about":[{"href":"https:\/\/streetmarkets.fr\/app\/wp-json\/wp\/v2\/types\/product"}],"replies":[{"embeddable":true,"href":"https:\/\/streetmarkets.fr\/app\/wp-json\/wp\/v2\/comments?post=4053581"}],"wp:featuredmedia":[{"embeddable":true,"href":"https:\/\/streetmarkets.fr\/app\/wp-json\/wp\/v2\/media\/4096248"}],"wp:attachment":[{"href":"https:\/\/streetmarkets.fr\/app\/wp-json\/wp\/v2\/media?parent=4053581"}],"wp:term":[{"taxonomy":"product_brand","embeddable":true,"href":"https:\/\/streetmarkets.fr\/app\/wp-json\/wp\/v2\/product_brand?post=4053581"},{"taxonomy":"product_cat","embeddable":true,"href":"https:\/\/streetmarkets.fr\/app\/wp-json\/wp\/v2\/product_cat?post=4053581"},{"taxonomy":"product_tag","embeddable":true,"href":"https:\/\/streetmarkets.fr\/app\/wp-json\/wp\/v2\/product_tag?post=4053581"}],"curies":[{"name":"wp","href":"https:\/\/api.w.org\/{rel}","templated":true}]}}