{"id":4053554,"date":"2026-04-30T02:38:31","date_gmt":"2026-04-30T00:38:31","guid":{"rendered":"https:\/\/streetmarkets.fr\/app\/produit\/pantalon-court-whisper-261-w-geranium\/"},"modified":"2026-05-13T02:42:43","modified_gmt":"2026-05-13T00:42:43","slug":"pantalon-court-whisper-261-w-geranium","status":"publish","type":"product","link":"https:\/\/streetmarkets.fr\/app\/produit\/pantalon-court-whisper-261-w-geranium\/","title":{"rendered":"Pantalon court Whisper (261 \/ W \/ GERANIUM)"},"content":{"rendered":"<p>Pantalon court rose corail avec taille fronc\u00e9e et poches sur les coutures lat\u00e9rales.<\/p>\n<ul>\n<li>Silhouette ample et d\u00e9contract\u00e9e<\/li>\n<li>Longueur crois\u00e9e aux chevilles<\/li>\n<li>Taille \u00e9lastiqu\u00e9e fronc\u00e9e avec cordon ton sur ton<\/li>\n<li>Poches lat\u00e9rales ins\u00e9r\u00e9es dans les coutures<\/li>\n<li>D\u00e9tails pliss\u00e9s sur le devant<\/li>\n<\/ul>\n","protected":false},"excerpt":{"rendered":"<p>Pantalon court rose corail avec taille fronc\u00e9e et poches sur les coutures lat\u00e9rales. Silhouette ample et d\u00e9contract\u00e9e Longueur crois\u00e9e aux chevilles Taille \u00e9lastiqu\u00e9e fronc\u00e9e avec cordon ton sur ton Poches lat\u00e9rales ins\u00e9r\u00e9es dans les coutures D\u00e9tails pliss\u00e9s sur le devant<\/p>\n","protected":false},"featured_media":4129873,"comment_status":"open","ping_status":"closed","template":"","meta":[],"product_brand":[2529],"product_cat":[],"product_tag":[],"acf":[],"_links":{"self":[{"href":"https:\/\/streetmarkets.fr\/app\/wp-json\/wp\/v2\/product\/4053554"}],"collection":[{"href":"https:\/\/streetmarkets.fr\/app\/wp-json\/wp\/v2\/product"}],"about":[{"href":"https:\/\/streetmarkets.fr\/app\/wp-json\/wp\/v2\/types\/product"}],"replies":[{"embeddable":true,"href":"https:\/\/streetmarkets.fr\/app\/wp-json\/wp\/v2\/comments?post=4053554"}],"wp:featuredmedia":[{"embeddable":true,"href":"https:\/\/streetmarkets.fr\/app\/wp-json\/wp\/v2\/media\/4129873"}],"wp:attachment":[{"href":"https:\/\/streetmarkets.fr\/app\/wp-json\/wp\/v2\/media?parent=4053554"}],"wp:term":[{"taxonomy":"product_brand","embeddable":true,"href":"https:\/\/streetmarkets.fr\/app\/wp-json\/wp\/v2\/product_brand?post=4053554"},{"taxonomy":"product_cat","embeddable":true,"href":"https:\/\/streetmarkets.fr\/app\/wp-json\/wp\/v2\/product_cat?post=4053554"},{"taxonomy":"product_tag","embeddable":true,"href":"https:\/\/streetmarkets.fr\/app\/wp-json\/wp\/v2\/product_tag?post=4053554"}],"curies":[{"name":"wp","href":"https:\/\/api.w.org\/{rel}","templated":true}]}}