{"id":4053531,"date":"2026-04-30T02:38:18","date_gmt":"2026-04-30T00:38:18","guid":{"rendered":"https:\/\/streetmarkets.fr\/app\/produit\/sweatshirt-decontracte-fella-261-w-sunlight\/"},"modified":"2026-05-11T02:52:26","modified_gmt":"2026-05-11T00:52:26","slug":"sweatshirt-decontracte-fella-261-w-sunlight","status":"publish","type":"product","link":"https:\/\/streetmarkets.fr\/app\/produit\/sweatshirt-decontracte-fella-261-w-sunlight\/","title":{"rendered":"Sweatshirt d\u00e9contract\u00e9 Fella (261 \/ W \/ SUNLIGHT)"},"content":{"rendered":"<p>Sweatshirt d\u00e9contract\u00e9 \u00e0 col rond en molleton de coton l\u00e9ger couleur moutarde.<\/p>\n<ul>\n<li>Coupe d\u00e9contract\u00e9e<\/li>\n<li>Manches raglan<\/li>\n<li>Encolure ronde<\/li>\n<li>Bords-c\u00f4tes<\/li>\n<li>Broderie \u00ab bb \u00bb ton sur ton pr\u00e8s de l&#8217;ourlet<\/li>\n<\/ul>\n","protected":false},"excerpt":{"rendered":"<p>Sweatshirt d\u00e9contract\u00e9 \u00e0 col rond en molleton de coton l\u00e9ger couleur moutarde. Coupe d\u00e9contract\u00e9e Manches raglan Encolure ronde Bords-c\u00f4tes Broderie \u00ab bb \u00bb ton sur ton pr\u00e8s de l&#8217;ourlet<\/p>\n","protected":false},"featured_media":4118392,"comment_status":"open","ping_status":"closed","template":"","meta":[],"product_brand":[2529],"product_cat":[],"product_tag":[],"acf":[],"_links":{"self":[{"href":"https:\/\/streetmarkets.fr\/app\/wp-json\/wp\/v2\/product\/4053531"}],"collection":[{"href":"https:\/\/streetmarkets.fr\/app\/wp-json\/wp\/v2\/product"}],"about":[{"href":"https:\/\/streetmarkets.fr\/app\/wp-json\/wp\/v2\/types\/product"}],"replies":[{"embeddable":true,"href":"https:\/\/streetmarkets.fr\/app\/wp-json\/wp\/v2\/comments?post=4053531"}],"wp:featuredmedia":[{"embeddable":true,"href":"https:\/\/streetmarkets.fr\/app\/wp-json\/wp\/v2\/media\/4118392"}],"wp:attachment":[{"href":"https:\/\/streetmarkets.fr\/app\/wp-json\/wp\/v2\/media?parent=4053531"}],"wp:term":[{"taxonomy":"product_brand","embeddable":true,"href":"https:\/\/streetmarkets.fr\/app\/wp-json\/wp\/v2\/product_brand?post=4053531"},{"taxonomy":"product_cat","embeddable":true,"href":"https:\/\/streetmarkets.fr\/app\/wp-json\/wp\/v2\/product_cat?post=4053531"},{"taxonomy":"product_tag","embeddable":true,"href":"https:\/\/streetmarkets.fr\/app\/wp-json\/wp\/v2\/product_tag?post=4053531"}],"curies":[{"name":"wp","href":"https:\/\/api.w.org\/{rel}","templated":true}]}}