{"id":4053411,"date":"2026-04-30T02:38:04","date_gmt":"2026-04-30T00:38:04","guid":{"rendered":"https:\/\/streetmarkets.fr\/app\/produit\/jupe-midi-cinley-261-w-iris\/"},"modified":"2026-05-14T02:44:12","modified_gmt":"2026-05-14T00:44:12","slug":"jupe-midi-cinley-261-w-iris","status":"publish","type":"product","link":"https:\/\/streetmarkets.fr\/app\/produit\/jupe-midi-cinley-261-w-iris\/","title":{"rendered":"Jupe midi Cinley (261 \/ W \/ IRIS)"},"content":{"rendered":"<p>Jupe midi fronc\u00e9e lilas avec poches sur les coutures lat\u00e9rales et taille \u00e9lastiqu\u00e9e.<\/p>\n<ul>\n<li>Jupe midi<\/li>\n<li>Tissu en coton l\u00e9ger<\/li>\n<li>Ceinture fronc\u00e9e avec \u00e9lastique int\u00e9gral<\/li>\n<li>Poches sur les coutures lat\u00e9rales<\/li>\n<li>Silhouette volumineuse<\/li>\n<\/ul>\n","protected":false},"excerpt":{"rendered":"<p>Jupe midi fronc\u00e9e lilas avec poches sur les coutures lat\u00e9rales et taille \u00e9lastiqu\u00e9e. Jupe midi Tissu en coton l\u00e9ger Ceinture fronc\u00e9e avec \u00e9lastique int\u00e9gral Poches sur les coutures lat\u00e9rales Silhouette volumineuse<\/p>\n","protected":false},"featured_media":4134906,"comment_status":"open","ping_status":"closed","template":"","meta":[],"product_brand":[2529],"product_cat":[],"product_tag":[],"acf":[],"_links":{"self":[{"href":"https:\/\/streetmarkets.fr\/app\/wp-json\/wp\/v2\/product\/4053411"}],"collection":[{"href":"https:\/\/streetmarkets.fr\/app\/wp-json\/wp\/v2\/product"}],"about":[{"href":"https:\/\/streetmarkets.fr\/app\/wp-json\/wp\/v2\/types\/product"}],"replies":[{"embeddable":true,"href":"https:\/\/streetmarkets.fr\/app\/wp-json\/wp\/v2\/comments?post=4053411"}],"wp:featuredmedia":[{"embeddable":true,"href":"https:\/\/streetmarkets.fr\/app\/wp-json\/wp\/v2\/media\/4134906"}],"wp:attachment":[{"href":"https:\/\/streetmarkets.fr\/app\/wp-json\/wp\/v2\/media?parent=4053411"}],"wp:term":[{"taxonomy":"product_brand","embeddable":true,"href":"https:\/\/streetmarkets.fr\/app\/wp-json\/wp\/v2\/product_brand?post=4053411"},{"taxonomy":"product_cat","embeddable":true,"href":"https:\/\/streetmarkets.fr\/app\/wp-json\/wp\/v2\/product_cat?post=4053411"},{"taxonomy":"product_tag","embeddable":true,"href":"https:\/\/streetmarkets.fr\/app\/wp-json\/wp\/v2\/product_tag?post=4053411"}],"curies":[{"name":"wp","href":"https:\/\/api.w.org\/{rel}","templated":true}]}}