{"id":4053352,"date":"2026-04-30T02:37:57","date_gmt":"2026-04-30T00:37:57","guid":{"rendered":"https:\/\/streetmarkets.fr\/app\/produit\/short-large-en-denim-party-261-w-stripe-e\/"},"modified":"2026-05-14T02:44:12","modified_gmt":"2026-05-14T00:44:12","slug":"short-large-en-denim-party-261-w-stripe-e","status":"publish","type":"product","link":"https:\/\/streetmarkets.fr\/app\/produit\/short-large-en-denim-party-261-w-stripe-e\/","title":{"rendered":"Short large en denim Party (261 \/ W \/ STRIPE E)"},"content":{"rendered":"<p>Short en denim orange d\u00e9lav\u00e9 \u00e0 taille haute, jambes larges et style classique \u00e0 cinq poches.<\/p>\n<ul>\n<li>Jambes larges<\/li>\n<li>Taille haute<\/li>\n<li>Longueur courte<\/li>\n<li>Orange d\u00e9lav\u00e9 avec rayures blanches<\/li>\n<li>Cinq poches<\/li>\n<li>Fermeture \u00e0 boutons et zip<\/li>\n<\/ul>\n","protected":false},"excerpt":{"rendered":"<p>Short en denim orange d\u00e9lav\u00e9 \u00e0 taille haute, jambes larges et style classique \u00e0 cinq poches. Jambes larges Taille haute Longueur courte Orange d\u00e9lav\u00e9 avec rayures blanches Cinq poches Fermeture \u00e0 boutons et zip<\/p>\n","protected":false},"featured_media":4134879,"comment_status":"open","ping_status":"closed","template":"","meta":[],"product_brand":[2529],"product_cat":[],"product_tag":[],"acf":[],"_links":{"self":[{"href":"https:\/\/streetmarkets.fr\/app\/wp-json\/wp\/v2\/product\/4053352"}],"collection":[{"href":"https:\/\/streetmarkets.fr\/app\/wp-json\/wp\/v2\/product"}],"about":[{"href":"https:\/\/streetmarkets.fr\/app\/wp-json\/wp\/v2\/types\/product"}],"replies":[{"embeddable":true,"href":"https:\/\/streetmarkets.fr\/app\/wp-json\/wp\/v2\/comments?post=4053352"}],"wp:featuredmedia":[{"embeddable":true,"href":"https:\/\/streetmarkets.fr\/app\/wp-json\/wp\/v2\/media\/4134879"}],"wp:attachment":[{"href":"https:\/\/streetmarkets.fr\/app\/wp-json\/wp\/v2\/media?parent=4053352"}],"wp:term":[{"taxonomy":"product_brand","embeddable":true,"href":"https:\/\/streetmarkets.fr\/app\/wp-json\/wp\/v2\/product_brand?post=4053352"},{"taxonomy":"product_cat","embeddable":true,"href":"https:\/\/streetmarkets.fr\/app\/wp-json\/wp\/v2\/product_cat?post=4053352"},{"taxonomy":"product_tag","embeddable":true,"href":"https:\/\/streetmarkets.fr\/app\/wp-json\/wp\/v2\/product_tag?post=4053352"}],"curies":[{"name":"wp","href":"https:\/\/api.w.org\/{rel}","templated":true}]}}