{"id":4053249,"date":"2026-04-30T02:37:48","date_gmt":"2026-04-30T00:37:48","guid":{"rendered":"https:\/\/streetmarkets.fr\/app\/produit\/chaussettes-courtes-bonio-261-w-black-beauty\/"},"modified":"2026-05-10T02:54:26","modified_gmt":"2026-05-10T00:54:26","slug":"chaussettes-courtes-bonio-261-w-black-beauty","status":"publish","type":"product","link":"https:\/\/streetmarkets.fr\/app\/produit\/chaussettes-courtes-bonio-261-w-black-beauty\/","title":{"rendered":"Chaussettes courtes Bonio (261 \/ W \/ BLACK BEAUTY)"},"content":{"rendered":"<p>Chaussettes courtes c\u00f4tel\u00e9es noires avec le logo Bellerose blanc sur la semelle. <\/p>\n<ul>\n<li>Longueur cheville<\/li>\n<li>Noir avec logo blanc<\/li>\n<li>Texture c\u00f4tel\u00e9e<\/li>\n<\/ul>\n","protected":false},"excerpt":{"rendered":"<p>Chaussettes courtes c\u00f4tel\u00e9es noires avec le logo Bellerose blanc sur la semelle. Longueur cheville Noir avec logo blanc Texture c\u00f4tel\u00e9e<\/p>\n","protected":false},"featured_media":4112476,"comment_status":"open","ping_status":"closed","template":"","meta":[],"product_brand":[2529],"product_cat":[],"product_tag":[],"acf":[],"_links":{"self":[{"href":"https:\/\/streetmarkets.fr\/app\/wp-json\/wp\/v2\/product\/4053249"}],"collection":[{"href":"https:\/\/streetmarkets.fr\/app\/wp-json\/wp\/v2\/product"}],"about":[{"href":"https:\/\/streetmarkets.fr\/app\/wp-json\/wp\/v2\/types\/product"}],"replies":[{"embeddable":true,"href":"https:\/\/streetmarkets.fr\/app\/wp-json\/wp\/v2\/comments?post=4053249"}],"wp:featuredmedia":[{"embeddable":true,"href":"https:\/\/streetmarkets.fr\/app\/wp-json\/wp\/v2\/media\/4112476"}],"wp:attachment":[{"href":"https:\/\/streetmarkets.fr\/app\/wp-json\/wp\/v2\/media?parent=4053249"}],"wp:term":[{"taxonomy":"product_brand","embeddable":true,"href":"https:\/\/streetmarkets.fr\/app\/wp-json\/wp\/v2\/product_brand?post=4053249"},{"taxonomy":"product_cat","embeddable":true,"href":"https:\/\/streetmarkets.fr\/app\/wp-json\/wp\/v2\/product_cat?post=4053249"},{"taxonomy":"product_tag","embeddable":true,"href":"https:\/\/streetmarkets.fr\/app\/wp-json\/wp\/v2\/product_tag?post=4053249"}],"curies":[{"name":"wp","href":"https:\/\/api.w.org\/{rel}","templated":true}]}}