{"id":4053242,"date":"2026-04-30T02:37:48","date_gmt":"2026-04-30T00:37:48","guid":{"rendered":"https:\/\/streetmarkets.fr\/app\/produit\/chaussettes-courtes-bonio-261-w-grey-melange\/"},"modified":"2026-05-11T02:51:32","modified_gmt":"2026-05-11T00:51:32","slug":"chaussettes-courtes-bonio-261-w-grey-melange","status":"publish","type":"product","link":"https:\/\/streetmarkets.fr\/app\/produit\/chaussettes-courtes-bonio-261-w-grey-melange\/","title":{"rendered":"Chaussettes courtes Bonio (261 \/ W \/ GREY MELANGE)"},"content":{"rendered":"<p>Chaussettes courtes c\u00f4tel\u00e9es grises avec le logo Bellerose en noir sur la semelle. <\/p>\n<ul>\n<li>Longueur cheville<\/li>\n<li>Gris avec logo noir<\/li>\n<li>Texture c\u00f4tel\u00e9e<\/li>\n<\/ul>\n","protected":false},"excerpt":{"rendered":"<p>Chaussettes courtes c\u00f4tel\u00e9es grises avec le logo Bellerose en noir sur la semelle. Longueur cheville Gris avec logo noir Texture c\u00f4tel\u00e9e<\/p>\n","protected":false},"featured_media":4118242,"comment_status":"open","ping_status":"closed","template":"","meta":[],"product_brand":[2529],"product_cat":[],"product_tag":[],"acf":[],"_links":{"self":[{"href":"https:\/\/streetmarkets.fr\/app\/wp-json\/wp\/v2\/product\/4053242"}],"collection":[{"href":"https:\/\/streetmarkets.fr\/app\/wp-json\/wp\/v2\/product"}],"about":[{"href":"https:\/\/streetmarkets.fr\/app\/wp-json\/wp\/v2\/types\/product"}],"replies":[{"embeddable":true,"href":"https:\/\/streetmarkets.fr\/app\/wp-json\/wp\/v2\/comments?post=4053242"}],"wp:featuredmedia":[{"embeddable":true,"href":"https:\/\/streetmarkets.fr\/app\/wp-json\/wp\/v2\/media\/4118242"}],"wp:attachment":[{"href":"https:\/\/streetmarkets.fr\/app\/wp-json\/wp\/v2\/media?parent=4053242"}],"wp:term":[{"taxonomy":"product_brand","embeddable":true,"href":"https:\/\/streetmarkets.fr\/app\/wp-json\/wp\/v2\/product_brand?post=4053242"},{"taxonomy":"product_cat","embeddable":true,"href":"https:\/\/streetmarkets.fr\/app\/wp-json\/wp\/v2\/product_cat?post=4053242"},{"taxonomy":"product_tag","embeddable":true,"href":"https:\/\/streetmarkets.fr\/app\/wp-json\/wp\/v2\/product_tag?post=4053242"}],"curies":[{"name":"wp","href":"https:\/\/api.w.org\/{rel}","templated":true}]}}