{"id":4053167,"date":"2026-04-30T02:37:31","date_gmt":"2026-04-30T00:37:31","guid":{"rendered":"https:\/\/streetmarkets.fr\/app\/produit\/robe-longue-en-jersey-cling-261-w-black-sand\/"},"modified":"2026-05-08T02:51:01","modified_gmt":"2026-05-08T00:51:01","slug":"robe-longue-en-jersey-cling-261-w-black-sand","status":"publish","type":"product","link":"https:\/\/streetmarkets.fr\/app\/produit\/robe-longue-en-jersey-cling-261-w-black-sand\/","title":{"rendered":"Robe longue en jersey Cling (261 \/ W \/ BLACK SAND)"},"content":{"rendered":"<p>Robe longue sans manches en jersey noir, silhouette droite et \u00e9pur\u00e9e, douce et extensible.<\/p>\n<ul>\n<li>Coupe r\u00e9guli\u00e8re<\/li>\n<li>Longueur maxi<\/li>\n<li>Coupe sans manches<\/li>\n<li>Encolure ronde avec bordure double \u00e9paisseur<\/li>\n<li>Subtil logo \u00ab bb \u00bb brod\u00e9 sur la poitrine<\/li>\n<li>Tissu jersey doux<\/li>\n<\/ul>\n","protected":false},"excerpt":{"rendered":"<p>Robe longue sans manches en jersey noir, silhouette droite et \u00e9pur\u00e9e, douce et extensible. Coupe r\u00e9guli\u00e8re Longueur maxi Coupe sans manches Encolure ronde avec bordure double \u00e9paisseur Subtil logo \u00ab bb \u00bb brod\u00e9 sur la poitrine Tissu jersey doux<\/p>\n","protected":false},"featured_media":4101905,"comment_status":"open","ping_status":"closed","template":"","meta":[],"product_brand":[2529],"product_cat":[],"product_tag":[],"acf":[],"_links":{"self":[{"href":"https:\/\/streetmarkets.fr\/app\/wp-json\/wp\/v2\/product\/4053167"}],"collection":[{"href":"https:\/\/streetmarkets.fr\/app\/wp-json\/wp\/v2\/product"}],"about":[{"href":"https:\/\/streetmarkets.fr\/app\/wp-json\/wp\/v2\/types\/product"}],"replies":[{"embeddable":true,"href":"https:\/\/streetmarkets.fr\/app\/wp-json\/wp\/v2\/comments?post=4053167"}],"wp:featuredmedia":[{"embeddable":true,"href":"https:\/\/streetmarkets.fr\/app\/wp-json\/wp\/v2\/media\/4101905"}],"wp:attachment":[{"href":"https:\/\/streetmarkets.fr\/app\/wp-json\/wp\/v2\/media?parent=4053167"}],"wp:term":[{"taxonomy":"product_brand","embeddable":true,"href":"https:\/\/streetmarkets.fr\/app\/wp-json\/wp\/v2\/product_brand?post=4053167"},{"taxonomy":"product_cat","embeddable":true,"href":"https:\/\/streetmarkets.fr\/app\/wp-json\/wp\/v2\/product_cat?post=4053167"},{"taxonomy":"product_tag","embeddable":true,"href":"https:\/\/streetmarkets.fr\/app\/wp-json\/wp\/v2\/product_tag?post=4053167"}],"curies":[{"name":"wp","href":"https:\/\/api.w.org\/{rel}","templated":true}]}}