{"id":4053015,"date":"2026-04-30T02:37:18","date_gmt":"2026-04-30T00:37:18","guid":{"rendered":"https:\/\/streetmarkets.fr\/app\/produit\/t-shirt-a-manches-courtes-vydel-261-w-stripe-b\/"},"modified":"2026-05-11T02:51:32","modified_gmt":"2026-05-11T00:51:32","slug":"t-shirt-a-manches-courtes-vydel-261-w-stripe-b","status":"publish","type":"product","link":"https:\/\/streetmarkets.fr\/app\/produit\/t-shirt-a-manches-courtes-vydel-261-w-stripe-b\/","title":{"rendered":"T-shirt \u00e0 manches courtes Vydel (261 \/ W \/ STRIPE B)"},"content":{"rendered":"<p>T-shirt oversized \u00e0 rayures, col rond, manches courtes et \u00e9paules tombantes, confectionn\u00e9 en jersey m\u00e9lang\u00e9 lin \u00e0 rayures horizontales bleu marine et blanches.<\/p>\n<ul>\n<li><strong>Coupe oversized : choisissez votre taille habituelle pour le look souhait\u00e9 ou une taille en dessous pour une coupe plus ajust\u00e9e.<\/strong><\/li>\n<li>Col rond<\/li>\n<li>Manches courtes<\/li>\n<li>Broderie \u00ab bb \u00bb bleu marine sur l&#8217;ourlet<\/li>\n<li>Jersey en lin m\u00e9lang\u00e9 moyen, 105 g\/m\u00b2<\/li>\n<\/ul>\n","protected":false},"excerpt":{"rendered":"<p>T-shirt oversized \u00e0 rayures, col rond, manches courtes et \u00e9paules tombantes, confectionn\u00e9 en jersey m\u00e9lang\u00e9 lin \u00e0 rayures horizontales bleu marine et blanches. Coupe oversized : choisissez votre taille habituelle pour le look souhait\u00e9 ou une taille en dessous pour une coupe plus ajust\u00e9e. Col rond Manches courtes Broderie \u00ab bb \u00bb bleu marine sur [&hellip;]<\/p>\n","protected":false},"featured_media":4118111,"comment_status":"open","ping_status":"closed","template":"","meta":[],"product_brand":[2529],"product_cat":[],"product_tag":[],"acf":[],"_links":{"self":[{"href":"https:\/\/streetmarkets.fr\/app\/wp-json\/wp\/v2\/product\/4053015"}],"collection":[{"href":"https:\/\/streetmarkets.fr\/app\/wp-json\/wp\/v2\/product"}],"about":[{"href":"https:\/\/streetmarkets.fr\/app\/wp-json\/wp\/v2\/types\/product"}],"replies":[{"embeddable":true,"href":"https:\/\/streetmarkets.fr\/app\/wp-json\/wp\/v2\/comments?post=4053015"}],"wp:featuredmedia":[{"embeddable":true,"href":"https:\/\/streetmarkets.fr\/app\/wp-json\/wp\/v2\/media\/4118111"}],"wp:attachment":[{"href":"https:\/\/streetmarkets.fr\/app\/wp-json\/wp\/v2\/media?parent=4053015"}],"wp:term":[{"taxonomy":"product_brand","embeddable":true,"href":"https:\/\/streetmarkets.fr\/app\/wp-json\/wp\/v2\/product_brand?post=4053015"},{"taxonomy":"product_cat","embeddable":true,"href":"https:\/\/streetmarkets.fr\/app\/wp-json\/wp\/v2\/product_cat?post=4053015"},{"taxonomy":"product_tag","embeddable":true,"href":"https:\/\/streetmarkets.fr\/app\/wp-json\/wp\/v2\/product_tag?post=4053015"}],"curies":[{"name":"wp","href":"https:\/\/api.w.org\/{rel}","templated":true}]}}