{"id":4053002,"date":"2026-04-30T02:37:17","date_gmt":"2026-04-30T00:37:17","guid":{"rendered":"https:\/\/streetmarkets.fr\/app\/produit\/sweatshirt-col-rond-vicske-261-w-jadeite\/"},"modified":"2026-05-07T02:41:17","modified_gmt":"2026-05-07T00:41:17","slug":"sweatshirt-col-rond-vicske-261-w-jadeite","status":"publish","type":"product","link":"https:\/\/streetmarkets.fr\/app\/produit\/sweatshirt-col-rond-vicske-261-w-jadeite\/","title":{"rendered":"Sweatshirt col rond Vicske (261 \/ W \/ JADEITE)"},"content":{"rendered":"<p>Sweatshirt d\u00e9contract\u00e9 \u00e0 col rond, couleur menthe d\u00e9lav\u00e9e, avec ourlet \u00e0 bords francs et manches 3\/4.<\/p>\n<ul>\n<li>Coupe d\u00e9contract\u00e9e et carr\u00e9e<\/li>\n<li>Col rond c\u00f4tel\u00e9<\/li>\n<li>\u00c9paules tombantes<\/li>\n<li>Manches 3\/4 avec poignets c\u00f4tel\u00e9s<\/li>\n<li>Coutures apparentes dans le dos<\/li>\n<li>Ourlet brut<\/li>\n<\/ul>\n","protected":false},"excerpt":{"rendered":"<p>Sweatshirt d\u00e9contract\u00e9 \u00e0 col rond, couleur menthe d\u00e9lav\u00e9e, avec ourlet \u00e0 bords francs et manches 3\/4. Coupe d\u00e9contract\u00e9e et carr\u00e9e Col rond c\u00f4tel\u00e9 \u00c9paules tombantes Manches 3\/4 avec poignets c\u00f4tel\u00e9s Coutures apparentes dans le dos Ourlet brut<\/p>\n","protected":false},"featured_media":4095930,"comment_status":"open","ping_status":"closed","template":"","meta":[],"product_brand":[2529],"product_cat":[],"product_tag":[],"acf":[],"_links":{"self":[{"href":"https:\/\/streetmarkets.fr\/app\/wp-json\/wp\/v2\/product\/4053002"}],"collection":[{"href":"https:\/\/streetmarkets.fr\/app\/wp-json\/wp\/v2\/product"}],"about":[{"href":"https:\/\/streetmarkets.fr\/app\/wp-json\/wp\/v2\/types\/product"}],"replies":[{"embeddable":true,"href":"https:\/\/streetmarkets.fr\/app\/wp-json\/wp\/v2\/comments?post=4053002"}],"wp:featuredmedia":[{"embeddable":true,"href":"https:\/\/streetmarkets.fr\/app\/wp-json\/wp\/v2\/media\/4095930"}],"wp:attachment":[{"href":"https:\/\/streetmarkets.fr\/app\/wp-json\/wp\/v2\/media?parent=4053002"}],"wp:term":[{"taxonomy":"product_brand","embeddable":true,"href":"https:\/\/streetmarkets.fr\/app\/wp-json\/wp\/v2\/product_brand?post=4053002"},{"taxonomy":"product_cat","embeddable":true,"href":"https:\/\/streetmarkets.fr\/app\/wp-json\/wp\/v2\/product_cat?post=4053002"},{"taxonomy":"product_tag","embeddable":true,"href":"https:\/\/streetmarkets.fr\/app\/wp-json\/wp\/v2\/product_tag?post=4053002"}],"curies":[{"name":"wp","href":"https:\/\/api.w.org\/{rel}","templated":true}]}}