{"id":4052989,"date":"2026-04-30T02:37:16","date_gmt":"2026-04-30T00:37:16","guid":{"rendered":"https:\/\/streetmarkets.fr\/app\/produit\/sweatshirt-col-rond-vicske-261-w-meteorite\/"},"modified":"2026-05-03T02:41:45","modified_gmt":"2026-05-03T00:41:45","slug":"sweatshirt-col-rond-vicske-261-w-meteorite","status":"publish","type":"product","link":"https:\/\/streetmarkets.fr\/app\/produit\/sweatshirt-col-rond-vicske-261-w-meteorite\/","title":{"rendered":"Sweatshirt col rond Vicske (261 \/ W \/ METEORITE)"},"content":{"rendered":"<p>Sweatshirt d\u00e9contract\u00e9 \u00e0 col rond, noir d\u00e9lav\u00e9, avec ourlet brut et manches 3\/4.<\/p>\n<ul>\n<li>Coupe d\u00e9contract\u00e9e et carr\u00e9e<\/li>\n<li>Col rond c\u00f4tel\u00e9<\/li>\n<li>\u00c9paules tombantes<\/li>\n<li>Manches 3\/4 avec poignets c\u00f4tel\u00e9s<\/li>\n<li>Coutures apparentes dans le dos<\/li>\n<li>Ourlet brut<\/li>\n<\/ul>\n","protected":false},"excerpt":{"rendered":"<p>Sweatshirt d\u00e9contract\u00e9 \u00e0 col rond, noir d\u00e9lav\u00e9, avec ourlet brut et manches 3\/4. Coupe d\u00e9contract\u00e9e et carr\u00e9e Col rond c\u00f4tel\u00e9 \u00c9paules tombantes Manches 3\/4 avec poignets c\u00f4tel\u00e9s Coutures apparentes dans le dos Ourlet brut<\/p>\n","protected":false},"featured_media":4072088,"comment_status":"open","ping_status":"closed","template":"","meta":[],"product_brand":[],"product_cat":[],"product_tag":[],"acf":[],"_links":{"self":[{"href":"https:\/\/streetmarkets.fr\/app\/wp-json\/wp\/v2\/product\/4052989"}],"collection":[{"href":"https:\/\/streetmarkets.fr\/app\/wp-json\/wp\/v2\/product"}],"about":[{"href":"https:\/\/streetmarkets.fr\/app\/wp-json\/wp\/v2\/types\/product"}],"replies":[{"embeddable":true,"href":"https:\/\/streetmarkets.fr\/app\/wp-json\/wp\/v2\/comments?post=4052989"}],"wp:featuredmedia":[{"embeddable":true,"href":"https:\/\/streetmarkets.fr\/app\/wp-json\/wp\/v2\/media\/4072088"}],"wp:attachment":[{"href":"https:\/\/streetmarkets.fr\/app\/wp-json\/wp\/v2\/media?parent=4052989"}],"wp:term":[{"taxonomy":"product_brand","embeddable":true,"href":"https:\/\/streetmarkets.fr\/app\/wp-json\/wp\/v2\/product_brand?post=4052989"},{"taxonomy":"product_cat","embeddable":true,"href":"https:\/\/streetmarkets.fr\/app\/wp-json\/wp\/v2\/product_cat?post=4052989"},{"taxonomy":"product_tag","embeddable":true,"href":"https:\/\/streetmarkets.fr\/app\/wp-json\/wp\/v2\/product_tag?post=4052989"}],"curies":[{"name":"wp","href":"https:\/\/api.w.org\/{rel}","templated":true}]}}