{"id":4052938,"date":"2026-04-30T02:37:11","date_gmt":"2026-04-30T00:37:11","guid":{"rendered":"https:\/\/streetmarkets.fr\/app\/produit\/fusion-xt-pour-homme-261-m-white\/"},"modified":"2026-05-16T02:42:16","modified_gmt":"2026-05-16T00:42:16","slug":"fusion-xt-pour-homme-261-m-white","status":"publish","type":"product","link":"https:\/\/streetmarkets.fr\/app\/produit\/fusion-xt-pour-homme-261-m-white\/","title":{"rendered":"Fusion XT pour Homme (261 \/ M \/ WHITE)"},"content":{"rendered":"<p>Les baskets de cross-training h\u00e9ritage Karhu Fusion XT sont dot\u00e9es d&#8217;une tige en mesh avec des empi\u00e8cements en cuir et en daim, d&#8217;un stabilisateur de talon et d&#8217;un amorti Twin System Air.<\/p>\n<ul>\n<li>Taille petit\u00a0: Nous vous conseillons de prendre une pointure au-dessus de votre pointure habituelle. <\/li>\n<li>Mod\u00e8le\u00a0: F850016<\/li>\n<li>Couleur\u00a0: Bright White \/ Naval Academy<\/li>\n<\/ul>\n","protected":false},"excerpt":{"rendered":"<p>Les baskets de cross-training h\u00e9ritage Karhu Fusion XT sont dot\u00e9es d&#8217;une tige en mesh avec des empi\u00e8cements en cuir et en daim, d&#8217;un stabilisateur de talon et d&#8217;un amorti Twin System Air. Taille petit\u00a0: Nous vous conseillons de prendre une pointure au-dessus de votre pointure habituelle. Mod\u00e8le\u00a0: F850016 Couleur\u00a0: Bright White \/ Naval Academy<\/p>\n","protected":false},"featured_media":4145538,"comment_status":"open","ping_status":"closed","template":"","meta":[],"product_brand":[],"product_cat":[],"product_tag":[],"acf":[],"_links":{"self":[{"href":"https:\/\/streetmarkets.fr\/app\/wp-json\/wp\/v2\/product\/4052938"}],"collection":[{"href":"https:\/\/streetmarkets.fr\/app\/wp-json\/wp\/v2\/product"}],"about":[{"href":"https:\/\/streetmarkets.fr\/app\/wp-json\/wp\/v2\/types\/product"}],"replies":[{"embeddable":true,"href":"https:\/\/streetmarkets.fr\/app\/wp-json\/wp\/v2\/comments?post=4052938"}],"wp:featuredmedia":[{"embeddable":true,"href":"https:\/\/streetmarkets.fr\/app\/wp-json\/wp\/v2\/media\/4145538"}],"wp:attachment":[{"href":"https:\/\/streetmarkets.fr\/app\/wp-json\/wp\/v2\/media?parent=4052938"}],"wp:term":[{"taxonomy":"product_brand","embeddable":true,"href":"https:\/\/streetmarkets.fr\/app\/wp-json\/wp\/v2\/product_brand?post=4052938"},{"taxonomy":"product_cat","embeddable":true,"href":"https:\/\/streetmarkets.fr\/app\/wp-json\/wp\/v2\/product_cat?post=4052938"},{"taxonomy":"product_tag","embeddable":true,"href":"https:\/\/streetmarkets.fr\/app\/wp-json\/wp\/v2\/product_tag?post=4052938"}],"curies":[{"name":"wp","href":"https:\/\/api.w.org\/{rel}","templated":true}]}}