{"id":4052924,"date":"2026-04-30T02:37:10","date_gmt":"2026-04-30T00:37:10","guid":{"rendered":"https:\/\/streetmarkets.fr\/app\/produit\/legacy-96-pour-femme-261-w-sand\/"},"modified":"2026-05-11T02:50:39","modified_gmt":"2026-05-11T00:50:39","slug":"legacy-96-pour-femme-261-w-sand","status":"publish","type":"product","link":"https:\/\/streetmarkets.fr\/app\/produit\/legacy-96-pour-femme-261-w-sand\/","title":{"rendered":"Legacy 96 pour Femme (261 \/ W \/ SAND)"},"content":{"rendered":"<p>La sneaker de running r\u00e9tro Karhu Legacy 96 pr\u00e9sente une tige en mesh avec des empi\u00e8cements en daim, des d\u00e9tails r\u00e9fl\u00e9chissants, une semelle interm\u00e9diaire en EVA moul\u00e9 et un amorti \u00e0 air.<\/p>\n<ul>\n<li>Taille normalement<\/li>\n<li>Mod\u00e8le\u00a0: F806095<\/li>\n<li>Couleur\u00a0: White Sand\/Beech<\/li>\n<\/ul>\n","protected":false},"excerpt":{"rendered":"<p>La sneaker de running r\u00e9tro Karhu Legacy 96 pr\u00e9sente une tige en mesh avec des empi\u00e8cements en daim, des d\u00e9tails r\u00e9fl\u00e9chissants, une semelle interm\u00e9diaire en EVA moul\u00e9 et un amorti \u00e0 air. Taille normalement Mod\u00e8le\u00a0: F806095 Couleur\u00a0: White Sand\/Beech<\/p>\n","protected":false},"featured_media":4118062,"comment_status":"open","ping_status":"closed","template":"","meta":[],"product_brand":[],"product_cat":[],"product_tag":[],"acf":[],"_links":{"self":[{"href":"https:\/\/streetmarkets.fr\/app\/wp-json\/wp\/v2\/product\/4052924"}],"collection":[{"href":"https:\/\/streetmarkets.fr\/app\/wp-json\/wp\/v2\/product"}],"about":[{"href":"https:\/\/streetmarkets.fr\/app\/wp-json\/wp\/v2\/types\/product"}],"replies":[{"embeddable":true,"href":"https:\/\/streetmarkets.fr\/app\/wp-json\/wp\/v2\/comments?post=4052924"}],"wp:featuredmedia":[{"embeddable":true,"href":"https:\/\/streetmarkets.fr\/app\/wp-json\/wp\/v2\/media\/4118062"}],"wp:attachment":[{"href":"https:\/\/streetmarkets.fr\/app\/wp-json\/wp\/v2\/media?parent=4052924"}],"wp:term":[{"taxonomy":"product_brand","embeddable":true,"href":"https:\/\/streetmarkets.fr\/app\/wp-json\/wp\/v2\/product_brand?post=4052924"},{"taxonomy":"product_cat","embeddable":true,"href":"https:\/\/streetmarkets.fr\/app\/wp-json\/wp\/v2\/product_cat?post=4052924"},{"taxonomy":"product_tag","embeddable":true,"href":"https:\/\/streetmarkets.fr\/app\/wp-json\/wp\/v2\/product_tag?post=4052924"}],"curies":[{"name":"wp","href":"https:\/\/api.w.org\/{rel}","templated":true}]}}