{"id":4052888,"date":"2026-04-30T02:37:07","date_gmt":"2026-04-30T00:37:07","guid":{"rendered":"https:\/\/streetmarkets.fr\/app\/produit\/mini-sac-banane-terravia-261-w-multicolor\/"},"modified":"2026-05-08T02:51:01","modified_gmt":"2026-05-08T00:51:01","slug":"mini-sac-banane-terravia-261-w-multicolor","status":"publish","type":"product","link":"https:\/\/streetmarkets.fr\/app\/produit\/mini-sac-banane-terravia-261-w-multicolor\/","title":{"rendered":"Mini Sac Banane Terravia (261 \/ W \/ MULTICOLOR)"},"content":{"rendered":"<p>Le Patagonia\u00ae Terravia Mini Hip Pack se porte \u00e9galement en bandouli\u00e8re et pr\u00e9sente un design l\u00e9ger et r\u00e9sistant aux intemp\u00e9ries.<\/p>\n<ul>\n<li>Un compartiment principal zipp\u00e9 et une poche frontale de s\u00e9curit\u00e9 zipp\u00e9e avec porte-cl\u00e9s int\u00e9gr\u00e9<\/li>\n<li>Ceinture antid\u00e9rapante<\/li>\n<li>Se replie dans sa poche int\u00e9rieure pour un rangement et un transport faciles<\/li>\n<li>Capacit\u00e9 : 1L<\/li>\n<li>Dimensions : 20 x 5 x 11 cm<\/li>\n<li>Poids : 111 g<\/li>\n<li>Mod\u00e8le : 49488<\/li>\n<li>Couleur : Patchwork Gumtree Green<\/li>\n<\/ul>\n","protected":false},"excerpt":{"rendered":"<p>Le Patagonia\u00ae Terravia Mini Hip Pack se porte \u00e9galement en bandouli\u00e8re et pr\u00e9sente un design l\u00e9ger et r\u00e9sistant aux intemp\u00e9ries. Un compartiment principal zipp\u00e9 et une poche frontale de s\u00e9curit\u00e9 zipp\u00e9e avec porte-cl\u00e9s int\u00e9gr\u00e9 Ceinture antid\u00e9rapante Se replie dans sa poche int\u00e9rieure pour un rangement et un transport faciles Capacit\u00e9 : 1L Dimensions : 20 [&hellip;]<\/p>\n","protected":false},"featured_media":4101744,"comment_status":"open","ping_status":"closed","template":"","meta":[],"product_brand":[7133],"product_cat":[],"product_tag":[],"acf":[],"_links":{"self":[{"href":"https:\/\/streetmarkets.fr\/app\/wp-json\/wp\/v2\/product\/4052888"}],"collection":[{"href":"https:\/\/streetmarkets.fr\/app\/wp-json\/wp\/v2\/product"}],"about":[{"href":"https:\/\/streetmarkets.fr\/app\/wp-json\/wp\/v2\/types\/product"}],"replies":[{"embeddable":true,"href":"https:\/\/streetmarkets.fr\/app\/wp-json\/wp\/v2\/comments?post=4052888"}],"wp:featuredmedia":[{"embeddable":true,"href":"https:\/\/streetmarkets.fr\/app\/wp-json\/wp\/v2\/media\/4101744"}],"wp:attachment":[{"href":"https:\/\/streetmarkets.fr\/app\/wp-json\/wp\/v2\/media?parent=4052888"}],"wp:term":[{"taxonomy":"product_brand","embeddable":true,"href":"https:\/\/streetmarkets.fr\/app\/wp-json\/wp\/v2\/product_brand?post=4052888"},{"taxonomy":"product_cat","embeddable":true,"href":"https:\/\/streetmarkets.fr\/app\/wp-json\/wp\/v2\/product_cat?post=4052888"},{"taxonomy":"product_tag","embeddable":true,"href":"https:\/\/streetmarkets.fr\/app\/wp-json\/wp\/v2\/product_tag?post=4052888"}],"curies":[{"name":"wp","href":"https:\/\/api.w.org\/{rel}","templated":true}]}}