{"id":4052864,"date":"2026-04-30T02:37:05","date_gmt":"2026-04-30T00:37:05","guid":{"rendered":"https:\/\/streetmarkets.fr\/app\/produit\/boucles-doreilles-n-75-261-w-multicolor\/"},"modified":"2026-05-06T02:41:22","modified_gmt":"2026-05-06T00:41:22","slug":"boucles-doreilles-n-75-261-w-multicolor","status":"publish","type":"product","link":"https:\/\/streetmarkets.fr\/app\/produit\/boucles-doreilles-n-75-261-w-multicolor\/","title":{"rendered":"Boucles d&#8217;oreilles N\u00b0 75 (261 \/ W \/ MULTICOLOR)"},"content":{"rendered":"<p>Les boucles d&#8217;oreilles Le Fourbi de Capucine N\u00b0 75 sont orn\u00e9es de pierres en onyx vert, d&#8217;une monture en laiton plaqu\u00e9 or et de pendentifs en \u00e9clats d&#8217;or.<\/p>\n<ul>\n<li>Boucles d&#8217;oreilles vendues par paire<\/li>\n<li>Pour oreilles perc\u00e9es<\/li>\n<li>Style\u00a0: N\u00b0 75<\/li>\n<li>Couleur\u00a0: Vert<\/li>\n<\/ul>\n","protected":false},"excerpt":{"rendered":"<p>Les boucles d&#8217;oreilles Le Fourbi de Capucine N\u00b0 75 sont orn\u00e9es de pierres en onyx vert, d&#8217;une monture en laiton plaqu\u00e9 or et de pendentifs en \u00e9clats d&#8217;or. Boucles d&#8217;oreilles vendues par paire Pour oreilles perc\u00e9es Style\u00a0: N\u00b0 75 Couleur\u00a0: Vert<\/p>\n","protected":false},"featured_media":4090529,"comment_status":"open","ping_status":"closed","template":"","meta":[],"product_brand":[],"product_cat":[],"product_tag":[],"acf":[],"_links":{"self":[{"href":"https:\/\/streetmarkets.fr\/app\/wp-json\/wp\/v2\/product\/4052864"}],"collection":[{"href":"https:\/\/streetmarkets.fr\/app\/wp-json\/wp\/v2\/product"}],"about":[{"href":"https:\/\/streetmarkets.fr\/app\/wp-json\/wp\/v2\/types\/product"}],"replies":[{"embeddable":true,"href":"https:\/\/streetmarkets.fr\/app\/wp-json\/wp\/v2\/comments?post=4052864"}],"wp:featuredmedia":[{"embeddable":true,"href":"https:\/\/streetmarkets.fr\/app\/wp-json\/wp\/v2\/media\/4090529"}],"wp:attachment":[{"href":"https:\/\/streetmarkets.fr\/app\/wp-json\/wp\/v2\/media?parent=4052864"}],"wp:term":[{"taxonomy":"product_brand","embeddable":true,"href":"https:\/\/streetmarkets.fr\/app\/wp-json\/wp\/v2\/product_brand?post=4052864"},{"taxonomy":"product_cat","embeddable":true,"href":"https:\/\/streetmarkets.fr\/app\/wp-json\/wp\/v2\/product_cat?post=4052864"},{"taxonomy":"product_tag","embeddable":true,"href":"https:\/\/streetmarkets.fr\/app\/wp-json\/wp\/v2\/product_tag?post=4052864"}],"curies":[{"name":"wp","href":"https:\/\/api.w.org\/{rel}","templated":true}]}}