{"id":4052757,"date":"2026-04-30T02:36:48","date_gmt":"2026-04-30T00:36:48","guid":{"rendered":"https:\/\/streetmarkets.fr\/app\/produit\/short-large-en-denim-presley-261-w-used-black\/"},"modified":"2026-05-12T02:40:55","modified_gmt":"2026-05-12T00:40:55","slug":"short-large-en-denim-presley-261-w-used-black","status":"publish","type":"product","link":"https:\/\/streetmarkets.fr\/app\/produit\/short-large-en-denim-presley-261-w-used-black\/","title":{"rendered":"Short large en denim Presley (261 \/ W \/ USED BLACK)"},"content":{"rendered":"<p>Short large en denim noir us\u00e9, avec d\u00e9tails pliss\u00e9s et poches lat\u00e9rales fonctionnelles.<\/p>\n<ul>\n<li>Coupe d\u00e9contract\u00e9e<\/li>\n<li>Taille mi-haute,jambes larges<\/li>\n<li>Denim noir d\u00e9lav\u00e9<\/li>\n<li>Plis sur le devant pour plus de volume<\/li>\n<li>Deux poches lat\u00e9rales fonctionnelles<\/li>\n<li>Deux poches arri\u00e8re<\/li>\n<li>Ourlet effiloch\u00e9<\/li>\n<li>Fermeture \u00e0 boutons et zip<\/li>\n<\/ul>\n","protected":false},"excerpt":{"rendered":"<p>Short large en denim noir us\u00e9, avec d\u00e9tails pliss\u00e9s et poches lat\u00e9rales fonctionnelles. Coupe d\u00e9contract\u00e9e Taille mi-haute,jambes larges Denim noir d\u00e9lav\u00e9 Plis sur le devant pour plus de volume Deux poches lat\u00e9rales fonctionnelles Deux poches arri\u00e8re Ourlet effiloch\u00e9 Fermeture \u00e0 boutons et zip<\/p>\n","protected":false},"featured_media":4123095,"comment_status":"open","ping_status":"closed","template":"","meta":[],"product_brand":[2529],"product_cat":[],"product_tag":[],"acf":[],"_links":{"self":[{"href":"https:\/\/streetmarkets.fr\/app\/wp-json\/wp\/v2\/product\/4052757"}],"collection":[{"href":"https:\/\/streetmarkets.fr\/app\/wp-json\/wp\/v2\/product"}],"about":[{"href":"https:\/\/streetmarkets.fr\/app\/wp-json\/wp\/v2\/types\/product"}],"replies":[{"embeddable":true,"href":"https:\/\/streetmarkets.fr\/app\/wp-json\/wp\/v2\/comments?post=4052757"}],"wp:featuredmedia":[{"embeddable":true,"href":"https:\/\/streetmarkets.fr\/app\/wp-json\/wp\/v2\/media\/4123095"}],"wp:attachment":[{"href":"https:\/\/streetmarkets.fr\/app\/wp-json\/wp\/v2\/media?parent=4052757"}],"wp:term":[{"taxonomy":"product_brand","embeddable":true,"href":"https:\/\/streetmarkets.fr\/app\/wp-json\/wp\/v2\/product_brand?post=4052757"},{"taxonomy":"product_cat","embeddable":true,"href":"https:\/\/streetmarkets.fr\/app\/wp-json\/wp\/v2\/product_cat?post=4052757"},{"taxonomy":"product_tag","embeddable":true,"href":"https:\/\/streetmarkets.fr\/app\/wp-json\/wp\/v2\/product_tag?post=4052757"}],"curies":[{"name":"wp","href":"https:\/\/api.w.org\/{rel}","templated":true}]}}