{"id":4052707,"date":"2026-04-30T02:36:44","date_gmt":"2026-04-30T00:36:44","guid":{"rendered":"https:\/\/streetmarkets.fr\/app\/produit\/boardshort-logo-pocket-responsibili-tee-pour-homme-261-m-blue\/"},"modified":"2026-05-07T02:40:25","modified_gmt":"2026-05-07T00:40:25","slug":"boardshort-logo-pocket-responsibili-tee-pour-homme-261-m-blue","status":"publish","type":"product","link":"https:\/\/streetmarkets.fr\/app\/produit\/boardshort-logo-pocket-responsibili-tee-pour-homme-261-m-blue\/","title":{"rendered":"Boardshort Logo Pocket Responsibili-Tee pour Homme (261 \/ M \/ BLUE)"},"content":{"rendered":"<p>Le t-shirt Patagonia Men&#8217;s Boardshort Logo Pocket Responsibili-Tee pr\u00e9sente une encolure c\u00f4tel\u00e9e, un cou et des \u00e9paules ajust\u00e9s ainsi qu&#8217;un ourlet droit, le tout confectionn\u00e9 dans un m\u00e9lange de jersey recycl\u00e9 et rehauss\u00e9 d&#8217;un imprim\u00e9 graphique d&#8217;archives.<\/p>\n<ul>\n<li>Coupe standard<\/li>\n<li>Col ras-du-cou<\/li>\n<li>\u00c9paules fusel\u00e9es<\/li>\n<li>Encolure c\u00f4tel\u00e9e<\/li>\n<li>Mod\u00e8le\u00a0: 37655 BLSG<\/li>\n<li>Couleur\u00a0: Bleu sauge<\/li>\n<\/ul>\n","protected":false},"excerpt":{"rendered":"<p>Le t-shirt Patagonia Men&#8217;s Boardshort Logo Pocket Responsibili-Tee pr\u00e9sente une encolure c\u00f4tel\u00e9e, un cou et des \u00e9paules ajust\u00e9s ainsi qu&#8217;un ourlet droit, le tout confectionn\u00e9 dans un m\u00e9lange de jersey recycl\u00e9 et rehauss\u00e9 d&#8217;un imprim\u00e9 graphique d&#8217;archives. Coupe standard Col ras-du-cou \u00c9paules fusel\u00e9es Encolure c\u00f4tel\u00e9e Mod\u00e8le\u00a0: 37655 BLSG Couleur\u00a0: Bleu sauge<\/p>\n","protected":false},"featured_media":4095770,"comment_status":"open","ping_status":"closed","template":"","meta":[],"product_brand":[7133],"product_cat":[],"product_tag":[],"acf":[],"_links":{"self":[{"href":"https:\/\/streetmarkets.fr\/app\/wp-json\/wp\/v2\/product\/4052707"}],"collection":[{"href":"https:\/\/streetmarkets.fr\/app\/wp-json\/wp\/v2\/product"}],"about":[{"href":"https:\/\/streetmarkets.fr\/app\/wp-json\/wp\/v2\/types\/product"}],"replies":[{"embeddable":true,"href":"https:\/\/streetmarkets.fr\/app\/wp-json\/wp\/v2\/comments?post=4052707"}],"wp:featuredmedia":[{"embeddable":true,"href":"https:\/\/streetmarkets.fr\/app\/wp-json\/wp\/v2\/media\/4095770"}],"wp:attachment":[{"href":"https:\/\/streetmarkets.fr\/app\/wp-json\/wp\/v2\/media?parent=4052707"}],"wp:term":[{"taxonomy":"product_brand","embeddable":true,"href":"https:\/\/streetmarkets.fr\/app\/wp-json\/wp\/v2\/product_brand?post=4052707"},{"taxonomy":"product_cat","embeddable":true,"href":"https:\/\/streetmarkets.fr\/app\/wp-json\/wp\/v2\/product_cat?post=4052707"},{"taxonomy":"product_tag","embeddable":true,"href":"https:\/\/streetmarkets.fr\/app\/wp-json\/wp\/v2\/product_tag?post=4052707"}],"curies":[{"name":"wp","href":"https:\/\/api.w.org\/{rel}","templated":true}]}}