{"id":4052634,"date":"2026-04-30T02:36:37","date_gmt":"2026-04-30T00:36:37","guid":{"rendered":"https:\/\/streetmarkets.fr\/app\/produit\/cardigan-zippe-siap-262-m-navy\/"},"modified":"2026-05-11T02:50:39","modified_gmt":"2026-05-11T00:50:39","slug":"cardigan-zippe-siap-262-m-navy","status":"publish","type":"product","link":"https:\/\/streetmarkets.fr\/app\/produit\/cardigan-zippe-siap-262-m-navy\/","title":{"rendered":"Cardigan zipp\u00e9 Siap (262 \/ M \/ NAVY)"},"content":{"rendered":"<p>Cardigan zipp\u00e9 d\u00e9contract\u00e9 bleu marine avec col montant, poignets et ourlet c\u00f4tel\u00e9s pour une coupe structur\u00e9e.<\/p>\n<ul>\n<li>Coupe d\u00e9contract\u00e9e<\/li>\n<li>Cardigan zipp\u00e9<\/li>\n<li>Col montant<\/li>\n<li>Col, poignets et ourlet c\u00f4tel\u00e9s<\/li>\n<li>Laine m\u00e9rinos extra-fine<\/li>\n<\/ul>\n","protected":false},"excerpt":{"rendered":"<p>Cardigan zipp\u00e9 d\u00e9contract\u00e9 bleu marine avec col montant, poignets et ourlet c\u00f4tel\u00e9s pour une coupe structur\u00e9e. Coupe d\u00e9contract\u00e9e Cardigan zipp\u00e9 Col montant Col, poignets et ourlet c\u00f4tel\u00e9s Laine m\u00e9rinos extra-fine<\/p>\n","protected":false},"featured_media":4117908,"comment_status":"open","ping_status":"closed","template":"","meta":[],"product_brand":[2529],"product_cat":[],"product_tag":[],"acf":[],"_links":{"self":[{"href":"https:\/\/streetmarkets.fr\/app\/wp-json\/wp\/v2\/product\/4052634"}],"collection":[{"href":"https:\/\/streetmarkets.fr\/app\/wp-json\/wp\/v2\/product"}],"about":[{"href":"https:\/\/streetmarkets.fr\/app\/wp-json\/wp\/v2\/types\/product"}],"replies":[{"embeddable":true,"href":"https:\/\/streetmarkets.fr\/app\/wp-json\/wp\/v2\/comments?post=4052634"}],"wp:featuredmedia":[{"embeddable":true,"href":"https:\/\/streetmarkets.fr\/app\/wp-json\/wp\/v2\/media\/4117908"}],"wp:attachment":[{"href":"https:\/\/streetmarkets.fr\/app\/wp-json\/wp\/v2\/media?parent=4052634"}],"wp:term":[{"taxonomy":"product_brand","embeddable":true,"href":"https:\/\/streetmarkets.fr\/app\/wp-json\/wp\/v2\/product_brand?post=4052634"},{"taxonomy":"product_cat","embeddable":true,"href":"https:\/\/streetmarkets.fr\/app\/wp-json\/wp\/v2\/product_cat?post=4052634"},{"taxonomy":"product_tag","embeddable":true,"href":"https:\/\/streetmarkets.fr\/app\/wp-json\/wp\/v2\/product_tag?post=4052634"}],"curies":[{"name":"wp","href":"https:\/\/api.w.org\/{rel}","templated":true}]}}