{"id":4052538,"date":"2026-04-30T02:36:28","date_gmt":"2026-04-30T00:36:28","guid":{"rendered":"https:\/\/streetmarkets.fr\/app\/produit\/reelwind-low-pour-femme-261-w-purple\/"},"modified":"2026-05-11T02:49:53","modified_gmt":"2026-05-11T00:49:53","slug":"reelwind-low-pour-femme-261-w-purple","status":"publish","type":"product","link":"https:\/\/streetmarkets.fr\/app\/produit\/reelwind-low-pour-femme-261-w-purple\/","title":{"rendered":"Reelwind Low pour Femme (261 \/ W \/ PURPLE)"},"content":{"rendered":"<p>Les sneakers Autry Reelwind Low pr\u00e9sentent une silhouette \u00e9lanc\u00e9e et une conception performante en nylon, avec des empi\u00e8cements en daim et en cuir.<\/p>\n<ul>\n<li>Taille normalement<\/li>\n<li>Hauteur de la semelle : 2,5 &#8211; 3,5 cm<\/li>\n<li>Mod\u00e8le : WWLW UT39<\/li>\n<li>Couleur : Firenze \/ Vert Daiquiri<\/li>\n<\/ul>\n","protected":false},"excerpt":{"rendered":"<p>Les sneakers Autry Reelwind Low pr\u00e9sentent une silhouette \u00e9lanc\u00e9e et une conception performante en nylon, avec des empi\u00e8cements en daim et en cuir. Taille normalement Hauteur de la semelle : 2,5 &#8211; 3,5 cm Mod\u00e8le : WWLW UT39 Couleur : Firenze \/ Vert Daiquiri<\/p>\n","protected":false},"featured_media":4117846,"comment_status":"open","ping_status":"closed","template":"","meta":[],"product_brand":[2532],"product_cat":[],"product_tag":[],"acf":[],"_links":{"self":[{"href":"https:\/\/streetmarkets.fr\/app\/wp-json\/wp\/v2\/product\/4052538"}],"collection":[{"href":"https:\/\/streetmarkets.fr\/app\/wp-json\/wp\/v2\/product"}],"about":[{"href":"https:\/\/streetmarkets.fr\/app\/wp-json\/wp\/v2\/types\/product"}],"replies":[{"embeddable":true,"href":"https:\/\/streetmarkets.fr\/app\/wp-json\/wp\/v2\/comments?post=4052538"}],"wp:featuredmedia":[{"embeddable":true,"href":"https:\/\/streetmarkets.fr\/app\/wp-json\/wp\/v2\/media\/4117846"}],"wp:attachment":[{"href":"https:\/\/streetmarkets.fr\/app\/wp-json\/wp\/v2\/media?parent=4052538"}],"wp:term":[{"taxonomy":"product_brand","embeddable":true,"href":"https:\/\/streetmarkets.fr\/app\/wp-json\/wp\/v2\/product_brand?post=4052538"},{"taxonomy":"product_cat","embeddable":true,"href":"https:\/\/streetmarkets.fr\/app\/wp-json\/wp\/v2\/product_cat?post=4052538"},{"taxonomy":"product_tag","embeddable":true,"href":"https:\/\/streetmarkets.fr\/app\/wp-json\/wp\/v2\/product_tag?post=4052538"}],"curies":[{"name":"wp","href":"https:\/\/api.w.org\/{rel}","templated":true}]}}