{"id":4052525,"date":"2026-04-30T02:36:17","date_gmt":"2026-04-30T00:36:17","guid":{"rendered":"https:\/\/streetmarkets.fr\/app\/produit\/windspin-pour-femme-261-w-blue-jeans\/"},"modified":"2026-05-07T02:39:37","modified_gmt":"2026-05-07T00:39:37","slug":"windspin-pour-femme-261-w-blue-jeans","status":"publish","type":"product","link":"https:\/\/streetmarkets.fr\/app\/produit\/windspin-pour-femme-261-w-blue-jeans\/","title":{"rendered":"Windspin pour Femme (261 \/ W \/ BLUE JEANS)"},"content":{"rendered":"<p>Les sneakers Autry Windspin arborent une tige en daim bross\u00e9 avec des empi\u00e8cements en cuir, pour une silhouette r\u00e9tro.<\/p>\n<ul>\n<li>Taille normalement<\/li>\n<li>Hauteur de la semelle\u00a0: 1 &#8211; 1,7 cm<\/li>\n<li>Mod\u00e8le\u00a0: WSLW UB35<\/li>\n<li>Couleur\u00a0: Prince et Rutabaga<\/li>\n<\/ul>\n","protected":false},"excerpt":{"rendered":"<p>Les sneakers Autry Windspin arborent une tige en daim bross\u00e9 avec des empi\u00e8cements en cuir, pour une silhouette r\u00e9tro. Taille normalement Hauteur de la semelle\u00a0: 1 &#8211; 1,7 cm Mod\u00e8le\u00a0: WSLW UB35 Couleur\u00a0: Prince et Rutabaga<\/p>\n","protected":false},"featured_media":4095660,"comment_status":"open","ping_status":"closed","template":"","meta":[],"product_brand":[2532],"product_cat":[],"product_tag":[],"acf":[],"_links":{"self":[{"href":"https:\/\/streetmarkets.fr\/app\/wp-json\/wp\/v2\/product\/4052525"}],"collection":[{"href":"https:\/\/streetmarkets.fr\/app\/wp-json\/wp\/v2\/product"}],"about":[{"href":"https:\/\/streetmarkets.fr\/app\/wp-json\/wp\/v2\/types\/product"}],"replies":[{"embeddable":true,"href":"https:\/\/streetmarkets.fr\/app\/wp-json\/wp\/v2\/comments?post=4052525"}],"wp:featuredmedia":[{"embeddable":true,"href":"https:\/\/streetmarkets.fr\/app\/wp-json\/wp\/v2\/media\/4095660"}],"wp:attachment":[{"href":"https:\/\/streetmarkets.fr\/app\/wp-json\/wp\/v2\/media?parent=4052525"}],"wp:term":[{"taxonomy":"product_brand","embeddable":true,"href":"https:\/\/streetmarkets.fr\/app\/wp-json\/wp\/v2\/product_brand?post=4052525"},{"taxonomy":"product_cat","embeddable":true,"href":"https:\/\/streetmarkets.fr\/app\/wp-json\/wp\/v2\/product_cat?post=4052525"},{"taxonomy":"product_tag","embeddable":true,"href":"https:\/\/streetmarkets.fr\/app\/wp-json\/wp\/v2\/product_tag?post=4052525"}],"curies":[{"name":"wp","href":"https:\/\/api.w.org\/{rel}","templated":true}]}}