{"id":4052499,"date":"2026-04-30T02:36:14","date_gmt":"2026-04-30T00:36:14","guid":{"rendered":"https:\/\/streetmarkets.fr\/app\/produit\/windspin-pour-femme-261-w-silver\/"},"modified":"2026-05-08T02:49:20","modified_gmt":"2026-05-08T00:49:20","slug":"windspin-pour-femme-261-w-silver","status":"publish","type":"product","link":"https:\/\/streetmarkets.fr\/app\/produit\/windspin-pour-femme-261-w-silver\/","title":{"rendered":"Windspin pour Femme (261 \/ W \/ SILVER)"},"content":{"rendered":"<p>Les sneakers Autry Windspin pr\u00e9sentent un design en maille textile avec des empi\u00e8cements en daim, le tout dans une silhouette r\u00e9tro.<\/p>\n<ul>\n<li>Taille normalement<\/li>\n<li>Hauteur de la semelle\u00a0: 1 &#8211; 1,7 cm<\/li>\n<li>Mod\u00e8le\u00a0: WSLW KS01<\/li>\n<li>Couleur\u00a0: Noir<\/li>\n<\/ul>\n","protected":false},"excerpt":{"rendered":"<p>Les sneakers Autry Windspin pr\u00e9sentent un design en maille textile avec des empi\u00e8cements en daim, le tout dans une silhouette r\u00e9tro. Taille normalement Hauteur de la semelle\u00a0: 1 &#8211; 1,7 cm Mod\u00e8le\u00a0: WSLW KS01 Couleur\u00a0: Noir<\/p>\n","protected":false},"featured_media":4101517,"comment_status":"open","ping_status":"closed","template":"","meta":[],"product_brand":[2532],"product_cat":[],"product_tag":[],"acf":[],"_links":{"self":[{"href":"https:\/\/streetmarkets.fr\/app\/wp-json\/wp\/v2\/product\/4052499"}],"collection":[{"href":"https:\/\/streetmarkets.fr\/app\/wp-json\/wp\/v2\/product"}],"about":[{"href":"https:\/\/streetmarkets.fr\/app\/wp-json\/wp\/v2\/types\/product"}],"replies":[{"embeddable":true,"href":"https:\/\/streetmarkets.fr\/app\/wp-json\/wp\/v2\/comments?post=4052499"}],"wp:featuredmedia":[{"embeddable":true,"href":"https:\/\/streetmarkets.fr\/app\/wp-json\/wp\/v2\/media\/4101517"}],"wp:attachment":[{"href":"https:\/\/streetmarkets.fr\/app\/wp-json\/wp\/v2\/media?parent=4052499"}],"wp:term":[{"taxonomy":"product_brand","embeddable":true,"href":"https:\/\/streetmarkets.fr\/app\/wp-json\/wp\/v2\/product_brand?post=4052499"},{"taxonomy":"product_cat","embeddable":true,"href":"https:\/\/streetmarkets.fr\/app\/wp-json\/wp\/v2\/product_cat?post=4052499"},{"taxonomy":"product_tag","embeddable":true,"href":"https:\/\/streetmarkets.fr\/app\/wp-json\/wp\/v2\/product_tag?post=4052499"}],"curies":[{"name":"wp","href":"https:\/\/api.w.org\/{rel}","templated":true}]}}