{"id":4052487,"date":"2026-04-30T02:36:13","date_gmt":"2026-04-30T00:36:13","guid":{"rendered":"https:\/\/streetmarkets.fr\/app\/produit\/hyperway-pour-homme-261-m-midnight\/"},"modified":"2026-05-03T02:39:56","modified_gmt":"2026-05-03T00:39:56","slug":"hyperway-pour-homme-261-m-midnight","status":"publish","type":"product","link":"https:\/\/streetmarkets.fr\/app\/produit\/hyperway-pour-homme-261-m-midnight\/","title":{"rendered":"Hyperway pour Homme (261 \/ M \/ MIDNIGHT)"},"content":{"rendered":"<p>Inspir\u00e9es par le futur, les sneakers Autry Hyperway sont dot\u00e9es d&#8217;une tige en mesh respirant avec des empi\u00e8cements en daim, d&#8217;une semelle amortissante avec stabilisateur en TPR et d&#8217;une semelle ext\u00e9rieure en phylon et caoutchouc.<\/p>\n<ul>\n<li>Taille normalement<\/li>\n<li>Hauteur de la semelle\u00a0: 3,5 cm<\/li>\n<li>Mod\u00e8le\u00a0: HYLM SA06<\/li>\n<li>Couleur\u00a0: Bleu sid\u00e9ral et argent<\/li>\n<\/ul>\n","protected":false},"excerpt":{"rendered":"<p>Inspir\u00e9es par le futur, les sneakers Autry Hyperway sont dot\u00e9es d&#8217;une tige en mesh respirant avec des empi\u00e8cements en daim, d&#8217;une semelle amortissante avec stabilisateur en TPR et d&#8217;une semelle ext\u00e9rieure en phylon et caoutchouc. Taille normalement Hauteur de la semelle\u00a0: 3,5 cm Mod\u00e8le\u00a0: HYLM SA06 Couleur\u00a0: Bleu sid\u00e9ral et argent<\/p>\n","protected":false},"featured_media":4071808,"comment_status":"open","ping_status":"closed","template":"","meta":[],"product_brand":[2532],"product_cat":[],"product_tag":[],"acf":[],"_links":{"self":[{"href":"https:\/\/streetmarkets.fr\/app\/wp-json\/wp\/v2\/product\/4052487"}],"collection":[{"href":"https:\/\/streetmarkets.fr\/app\/wp-json\/wp\/v2\/product"}],"about":[{"href":"https:\/\/streetmarkets.fr\/app\/wp-json\/wp\/v2\/types\/product"}],"replies":[{"embeddable":true,"href":"https:\/\/streetmarkets.fr\/app\/wp-json\/wp\/v2\/comments?post=4052487"}],"wp:featuredmedia":[{"embeddable":true,"href":"https:\/\/streetmarkets.fr\/app\/wp-json\/wp\/v2\/media\/4071808"}],"wp:attachment":[{"href":"https:\/\/streetmarkets.fr\/app\/wp-json\/wp\/v2\/media?parent=4052487"}],"wp:term":[{"taxonomy":"product_brand","embeddable":true,"href":"https:\/\/streetmarkets.fr\/app\/wp-json\/wp\/v2\/product_brand?post=4052487"},{"taxonomy":"product_cat","embeddable":true,"href":"https:\/\/streetmarkets.fr\/app\/wp-json\/wp\/v2\/product_cat?post=4052487"},{"taxonomy":"product_tag","embeddable":true,"href":"https:\/\/streetmarkets.fr\/app\/wp-json\/wp\/v2\/product_tag?post=4052487"}],"curies":[{"name":"wp","href":"https:\/\/api.w.org\/{rel}","templated":true}]}}