{"id":4052267,"date":"2026-04-30T02:35:52","date_gmt":"2026-04-30T00:35:52","guid":{"rendered":"https:\/\/streetmarkets.fr\/app\/produit\/short-long-a-rayures-geena-261-w-stripe-b\/"},"modified":"2026-05-09T02:49:12","modified_gmt":"2026-05-09T00:49:12","slug":"short-long-a-rayures-geena-261-w-stripe-b","status":"publish","type":"product","link":"https:\/\/streetmarkets.fr\/app\/produit\/short-long-a-rayures-geena-261-w-stripe-b\/","title":{"rendered":"Short long \u00e0 rayures Geena (261 \/ W \/ STRIPE B)"},"content":{"rendered":"<p>Short long et d\u00e9contract\u00e9 en popeline de coton ray\u00e9e, avec taille \u00e9lastiqu\u00e9e et boutons d\u00e9coratifs sur le devant.<\/p>\n<ul>\n<li>Coupe d\u00e9contract\u00e9e<\/li>\n<li>Longueur au genou<\/li>\n<li>Taille mi-haute, \u00e9lastique<\/li>\n<li>Popeline de coton l\u00e9g\u00e8re<\/li>\n<li>Bleu avec rayures kaki et blanches<\/li>\n<li>D\u00e9tails boutons sur le devant<\/li>\n<li>Ensemble assorti avec la blouse volumineuse Giada<\/li>\n<\/ul>\n","protected":false},"excerpt":{"rendered":"<p>Short long et d\u00e9contract\u00e9 en popeline de coton ray\u00e9e, avec taille \u00e9lastiqu\u00e9e et boutons d\u00e9coratifs sur le devant. Coupe d\u00e9contract\u00e9e Longueur au genou Taille mi-haute, \u00e9lastique Popeline de coton l\u00e9g\u00e8re Bleu avec rayures kaki et blanches D\u00e9tails boutons sur le devant Ensemble assorti avec la blouse volumineuse Giada<\/p>\n","protected":false},"featured_media":4106915,"comment_status":"open","ping_status":"closed","template":"","meta":[],"product_brand":[2529],"product_cat":[],"product_tag":[],"acf":[],"_links":{"self":[{"href":"https:\/\/streetmarkets.fr\/app\/wp-json\/wp\/v2\/product\/4052267"}],"collection":[{"href":"https:\/\/streetmarkets.fr\/app\/wp-json\/wp\/v2\/product"}],"about":[{"href":"https:\/\/streetmarkets.fr\/app\/wp-json\/wp\/v2\/types\/product"}],"replies":[{"embeddable":true,"href":"https:\/\/streetmarkets.fr\/app\/wp-json\/wp\/v2\/comments?post=4052267"}],"wp:featuredmedia":[{"embeddable":true,"href":"https:\/\/streetmarkets.fr\/app\/wp-json\/wp\/v2\/media\/4106915"}],"wp:attachment":[{"href":"https:\/\/streetmarkets.fr\/app\/wp-json\/wp\/v2\/media?parent=4052267"}],"wp:term":[{"taxonomy":"product_brand","embeddable":true,"href":"https:\/\/streetmarkets.fr\/app\/wp-json\/wp\/v2\/product_brand?post=4052267"},{"taxonomy":"product_cat","embeddable":true,"href":"https:\/\/streetmarkets.fr\/app\/wp-json\/wp\/v2\/product_cat?post=4052267"},{"taxonomy":"product_tag","embeddable":true,"href":"https:\/\/streetmarkets.fr\/app\/wp-json\/wp\/v2\/product_tag?post=4052267"}],"curies":[{"name":"wp","href":"https:\/\/api.w.org\/{rel}","templated":true}]}}