{"id":4052198,"date":"2026-04-30T02:35:46","date_gmt":"2026-04-30T00:35:46","guid":{"rendered":"https:\/\/streetmarkets.fr\/app\/produit\/sac-a-main-hilyam-261-w-check-a\/"},"modified":"2026-05-12T02:39:11","modified_gmt":"2026-05-12T00:39:11","slug":"sac-a-main-hilyam-261-w-check-a","status":"publish","type":"product","link":"https:\/\/streetmarkets.fr\/app\/produit\/sac-a-main-hilyam-261-w-check-a\/","title":{"rendered":"Sac \u00e0 main Hilyam (261 \/ W \/ CHECK A)"},"content":{"rendered":"<p>Sac cabas structur\u00e9 en ripstop transparent \u00e9pais superpos\u00e9 \u00e0 un tissu m\u00e9tallis\u00e9 argent\u00e9, avec des anses en sangle olive et une poche int\u00e9rieure zipp\u00e9e.<\/p>\n<ul>\n<li>Sac \u00e0 main pratique<\/li>\n<li>Ripstop transparent \u00e9pais superpos\u00e9 \u00e0 un tissu m\u00e9tallis\u00e9 argent\u00e9<\/li>\n<li>Poign\u00e9es en nylon vert olive<\/li>\n<li>Poche int\u00e9rieure zipp\u00e9e vert olive avec \u00e9tiquette Bellerose<\/li>\n<li>Conception durable et r\u00e9sistante \u00e0 l&#8217;eau<\/li>\n<li>Dimensions : 29 x 43 x 14 cm<\/li>\n<\/ul>\n","protected":false},"excerpt":{"rendered":"<p>Sac cabas structur\u00e9 en ripstop transparent \u00e9pais superpos\u00e9 \u00e0 un tissu m\u00e9tallis\u00e9 argent\u00e9, avec des anses en sangle olive et une poche int\u00e9rieure zipp\u00e9e. Sac \u00e0 main pratique Ripstop transparent \u00e9pais superpos\u00e9 \u00e0 un tissu m\u00e9tallis\u00e9 argent\u00e9 Poign\u00e9es en nylon vert olive Poche int\u00e9rieure zipp\u00e9e vert olive avec \u00e9tiquette Bellerose Conception durable et r\u00e9sistante \u00e0 [&hellip;]<\/p>\n","protected":false},"featured_media":4122775,"comment_status":"open","ping_status":"closed","template":"","meta":[],"product_brand":[2529],"product_cat":[],"product_tag":[],"acf":[],"_links":{"self":[{"href":"https:\/\/streetmarkets.fr\/app\/wp-json\/wp\/v2\/product\/4052198"}],"collection":[{"href":"https:\/\/streetmarkets.fr\/app\/wp-json\/wp\/v2\/product"}],"about":[{"href":"https:\/\/streetmarkets.fr\/app\/wp-json\/wp\/v2\/types\/product"}],"replies":[{"embeddable":true,"href":"https:\/\/streetmarkets.fr\/app\/wp-json\/wp\/v2\/comments?post=4052198"}],"wp:featuredmedia":[{"embeddable":true,"href":"https:\/\/streetmarkets.fr\/app\/wp-json\/wp\/v2\/media\/4122775"}],"wp:attachment":[{"href":"https:\/\/streetmarkets.fr\/app\/wp-json\/wp\/v2\/media?parent=4052198"}],"wp:term":[{"taxonomy":"product_brand","embeddable":true,"href":"https:\/\/streetmarkets.fr\/app\/wp-json\/wp\/v2\/product_brand?post=4052198"},{"taxonomy":"product_cat","embeddable":true,"href":"https:\/\/streetmarkets.fr\/app\/wp-json\/wp\/v2\/product_cat?post=4052198"},{"taxonomy":"product_tag","embeddable":true,"href":"https:\/\/streetmarkets.fr\/app\/wp-json\/wp\/v2\/product_tag?post=4052198"}],"curies":[{"name":"wp","href":"https:\/\/api.w.org\/{rel}","templated":true}]}}