{"id":4052183,"date":"2026-04-30T02:35:45","date_gmt":"2026-04-30T00:35:45","guid":{"rendered":"https:\/\/streetmarkets.fr\/app\/produit\/robe-babydoll-delhi-261-w-meteorite\/"},"modified":"2026-05-14T02:40:12","modified_gmt":"2026-05-14T00:40:12","slug":"robe-babydoll-delhi-261-w-meteorite","status":"publish","type":"product","link":"https:\/\/streetmarkets.fr\/app\/produit\/robe-babydoll-delhi-261-w-meteorite\/","title":{"rendered":"Robe babydoll Delhi (261 \/ W \/ METEORITE)"},"content":{"rendered":"<p>Robe babydoll noire avec d\u00e9licats empi\u00e8cements en dentelle ajour\u00e9e sur la poitrine et les manches, finitions fronc\u00e9es discr\u00e8tes.<\/p>\n<ul>\n<li>Coupe d\u00e9contract\u00e9e<\/li>\n<li>Longueur mini<\/li>\n<li>Manches courtes avec empi\u00e8cement en dentelle<\/li>\n<li>Encolure arrondie avec bordure en dentelle festonn\u00e9e<\/li>\n<li>Fermeture \u00e0 boutons dans le dos<\/li>\n<li>Tissu en coton l\u00e9ger<\/li>\n<\/ul>\n","protected":false},"excerpt":{"rendered":"<p>Robe babydoll noire avec d\u00e9licats empi\u00e8cements en dentelle ajour\u00e9e sur la poitrine et les manches, finitions fronc\u00e9es discr\u00e8tes. Coupe d\u00e9contract\u00e9e Longueur mini Manches courtes avec empi\u00e8cement en dentelle Encolure arrondie avec bordure en dentelle festonn\u00e9e Fermeture \u00e0 boutons dans le dos Tissu en coton l\u00e9ger<\/p>\n","protected":false},"featured_media":4134217,"comment_status":"open","ping_status":"closed","template":"","meta":[],"product_brand":[2529],"product_cat":[],"product_tag":[],"acf":[],"_links":{"self":[{"href":"https:\/\/streetmarkets.fr\/app\/wp-json\/wp\/v2\/product\/4052183"}],"collection":[{"href":"https:\/\/streetmarkets.fr\/app\/wp-json\/wp\/v2\/product"}],"about":[{"href":"https:\/\/streetmarkets.fr\/app\/wp-json\/wp\/v2\/types\/product"}],"replies":[{"embeddable":true,"href":"https:\/\/streetmarkets.fr\/app\/wp-json\/wp\/v2\/comments?post=4052183"}],"wp:featuredmedia":[{"embeddable":true,"href":"https:\/\/streetmarkets.fr\/app\/wp-json\/wp\/v2\/media\/4134217"}],"wp:attachment":[{"href":"https:\/\/streetmarkets.fr\/app\/wp-json\/wp\/v2\/media?parent=4052183"}],"wp:term":[{"taxonomy":"product_brand","embeddable":true,"href":"https:\/\/streetmarkets.fr\/app\/wp-json\/wp\/v2\/product_brand?post=4052183"},{"taxonomy":"product_cat","embeddable":true,"href":"https:\/\/streetmarkets.fr\/app\/wp-json\/wp\/v2\/product_cat?post=4052183"},{"taxonomy":"product_tag","embeddable":true,"href":"https:\/\/streetmarkets.fr\/app\/wp-json\/wp\/v2\/product_tag?post=4052183"}],"curies":[{"name":"wp","href":"https:\/\/api.w.org\/{rel}","templated":true}]}}