{"id":4052172,"date":"2026-04-30T02:35:44","date_gmt":"2026-04-30T00:35:44","guid":{"rendered":"https:\/\/streetmarkets.fr\/app\/produit\/mini-jupe-en-denim-heliaj-261-w-vintage\/"},"modified":"2026-05-09T02:48:15","modified_gmt":"2026-05-09T00:48:15","slug":"mini-jupe-en-denim-heliaj-261-w-vintage","status":"publish","type":"product","link":"https:\/\/streetmarkets.fr\/app\/produit\/mini-jupe-en-denim-heliaj-261-w-vintage\/","title":{"rendered":"Mini-jupe en denim Heliaj (261 \/ W \/ VINTAGE)"},"content":{"rendered":"<p>Mini-jupe en denim rose d\u00e9lav\u00e9 avec fermeture \u00e0 boutons-pression sur le devant et ourlet \u00e9vas\u00e9.<\/p>\n<ul>\n<li>Jupe mini<\/li>\n<li>Denim rose d\u00e9lav\u00e9<\/li>\n<li>Fermeture \u00e0 boutons-pression sur le devant<\/li>\n<li>Construction \u00e0 empi\u00e8cements<\/li>\n<li>Ourlet l\u00e9g\u00e8rement \u00e9vas\u00e9<\/li>\n<li>Non doubl\u00e9e<\/li>\n<li>Surpiq\u00fbres ton sur ton<\/li>\n<li>Logo brod\u00e9 discret pr\u00e8s de l&#8217;ourlet<\/li>\n<\/ul>\n","protected":false},"excerpt":{"rendered":"<p>Mini-jupe en denim rose d\u00e9lav\u00e9 avec fermeture \u00e0 boutons-pression sur le devant et ourlet \u00e9vas\u00e9. Jupe mini Denim rose d\u00e9lav\u00e9 Fermeture \u00e0 boutons-pression sur le devant Construction \u00e0 empi\u00e8cements Ourlet l\u00e9g\u00e8rement \u00e9vas\u00e9 Non doubl\u00e9e Surpiq\u00fbres ton sur ton Logo brod\u00e9 discret pr\u00e8s de l&#8217;ourlet<\/p>\n","protected":false},"featured_media":4106861,"comment_status":"open","ping_status":"closed","template":"","meta":[],"product_brand":[2529],"product_cat":[],"product_tag":[],"acf":[],"_links":{"self":[{"href":"https:\/\/streetmarkets.fr\/app\/wp-json\/wp\/v2\/product\/4052172"}],"collection":[{"href":"https:\/\/streetmarkets.fr\/app\/wp-json\/wp\/v2\/product"}],"about":[{"href":"https:\/\/streetmarkets.fr\/app\/wp-json\/wp\/v2\/types\/product"}],"replies":[{"embeddable":true,"href":"https:\/\/streetmarkets.fr\/app\/wp-json\/wp\/v2\/comments?post=4052172"}],"wp:featuredmedia":[{"embeddable":true,"href":"https:\/\/streetmarkets.fr\/app\/wp-json\/wp\/v2\/media\/4106861"}],"wp:attachment":[{"href":"https:\/\/streetmarkets.fr\/app\/wp-json\/wp\/v2\/media?parent=4052172"}],"wp:term":[{"taxonomy":"product_brand","embeddable":true,"href":"https:\/\/streetmarkets.fr\/app\/wp-json\/wp\/v2\/product_brand?post=4052172"},{"taxonomy":"product_cat","embeddable":true,"href":"https:\/\/streetmarkets.fr\/app\/wp-json\/wp\/v2\/product_cat?post=4052172"},{"taxonomy":"product_tag","embeddable":true,"href":"https:\/\/streetmarkets.fr\/app\/wp-json\/wp\/v2\/product_tag?post=4052172"}],"curies":[{"name":"wp","href":"https:\/\/api.w.org\/{rel}","templated":true}]}}