{"id":4052149,"date":"2026-04-30T02:35:31","date_gmt":"2026-04-30T00:35:31","guid":{"rendered":"https:\/\/streetmarkets.fr\/app\/produit\/jupe-midi-a-rayures-cinley-261-w-stripe-a\/"},"modified":"2026-05-10T02:51:43","modified_gmt":"2026-05-10T00:51:43","slug":"jupe-midi-a-rayures-cinley-261-w-stripe-a","status":"publish","type":"product","link":"https:\/\/streetmarkets.fr\/app\/produit\/jupe-midi-a-rayures-cinley-261-w-stripe-a\/","title":{"rendered":"Jupe midi \u00e0 rayures Cinley (261 \/ W \/ STRIPE A)"},"content":{"rendered":"<p>Jupe midi fronc\u00e9e bleue \u00e0 fines rayures verticales noires et blanches, poches sur les coutures lat\u00e9rales et taille \u00e9lastiqu\u00e9e.<\/p>\n<ul>\n<li>Jupe midi<\/li>\n<li>Tissu l\u00e9ger en coton m\u00e9lang\u00e9<\/li>\n<li>Taille fronc\u00e9e avec \u00e9lastique int\u00e9gral<\/li>\n<li>Poches sur les coutures lat\u00e9rales<\/li>\n<li>Silhouette volumineuse<\/li>\n<li>Fines rayures verticales noires et blanches<\/li>\n<li>Ensemble assorti avec la chemise capri Relaxed Striped Shirt<\/li>\n<\/ul>\n","protected":false},"excerpt":{"rendered":"<p>Jupe midi fronc\u00e9e bleue \u00e0 fines rayures verticales noires et blanches, poches sur les coutures lat\u00e9rales et taille \u00e9lastiqu\u00e9e. Jupe midi Tissu l\u00e9ger en coton m\u00e9lang\u00e9 Taille fronc\u00e9e avec \u00e9lastique int\u00e9gral Poches sur les coutures lat\u00e9rales Silhouette volumineuse Fines rayures verticales noires et blanches Ensemble assorti avec la chemise capri Relaxed Striped Shirt<\/p>\n","protected":false},"featured_media":4111864,"comment_status":"open","ping_status":"closed","template":"","meta":[],"product_brand":[2529],"product_cat":[],"product_tag":[],"acf":[],"_links":{"self":[{"href":"https:\/\/streetmarkets.fr\/app\/wp-json\/wp\/v2\/product\/4052149"}],"collection":[{"href":"https:\/\/streetmarkets.fr\/app\/wp-json\/wp\/v2\/product"}],"about":[{"href":"https:\/\/streetmarkets.fr\/app\/wp-json\/wp\/v2\/types\/product"}],"replies":[{"embeddable":true,"href":"https:\/\/streetmarkets.fr\/app\/wp-json\/wp\/v2\/comments?post=4052149"}],"wp:featuredmedia":[{"embeddable":true,"href":"https:\/\/streetmarkets.fr\/app\/wp-json\/wp\/v2\/media\/4111864"}],"wp:attachment":[{"href":"https:\/\/streetmarkets.fr\/app\/wp-json\/wp\/v2\/media?parent=4052149"}],"wp:term":[{"taxonomy":"product_brand","embeddable":true,"href":"https:\/\/streetmarkets.fr\/app\/wp-json\/wp\/v2\/product_brand?post=4052149"},{"taxonomy":"product_cat","embeddable":true,"href":"https:\/\/streetmarkets.fr\/app\/wp-json\/wp\/v2\/product_cat?post=4052149"},{"taxonomy":"product_tag","embeddable":true,"href":"https:\/\/streetmarkets.fr\/app\/wp-json\/wp\/v2\/product_tag?post=4052149"}],"curies":[{"name":"wp","href":"https:\/\/api.w.org\/{rel}","templated":true}]}}