{"id":4052122,"date":"2026-04-30T02:35:28","date_gmt":"2026-04-30T00:35:28","guid":{"rendered":"https:\/\/streetmarkets.fr\/app\/produit\/debardeur-classique-cuare-261-w-white\/"},"modified":"2026-05-16T02:40:28","modified_gmt":"2026-05-16T00:40:28","slug":"debardeur-classique-cuare-261-w-white","status":"publish","type":"product","link":"https:\/\/streetmarkets.fr\/app\/produit\/debardeur-classique-cuare-261-w-white\/","title":{"rendered":"D\u00e9bardeur classique Cuare (261 \/ W \/ WHITE)"},"content":{"rendered":"<p>D\u00e9bardeur \u00e0 col rond et coupe r\u00e9guli\u00e8re, confectionn\u00e9 en jersey de coton blanc de poids moyen.<\/p>\n<ul>\n<li>Coupe classique<\/li>\n<li>Col rond<\/li>\n<li>Petites fentes sur les c\u00f4t\u00e9s<\/li>\n<li>Petite \u00e9tiquette Bellerose tiss\u00e9e noire \u00e0 l&#8217;ourlet <\/li>\n<li>100% coton, 165 g\/m\u00b2<\/li>\n<\/ul>\n","protected":false},"excerpt":{"rendered":"<p>D\u00e9bardeur \u00e0 col rond et coupe r\u00e9guli\u00e8re, confectionn\u00e9 en jersey de coton blanc de poids moyen. Coupe classique Col rond Petites fentes sur les c\u00f4t\u00e9s Petite \u00e9tiquette Bellerose tiss\u00e9e noire \u00e0 l&#8217;ourlet 100% coton, 165 g\/m\u00b2<\/p>\n","protected":false},"featured_media":4145087,"comment_status":"open","ping_status":"closed","template":"","meta":[],"product_brand":[2529],"product_cat":[],"product_tag":[],"acf":[],"_links":{"self":[{"href":"https:\/\/streetmarkets.fr\/app\/wp-json\/wp\/v2\/product\/4052122"}],"collection":[{"href":"https:\/\/streetmarkets.fr\/app\/wp-json\/wp\/v2\/product"}],"about":[{"href":"https:\/\/streetmarkets.fr\/app\/wp-json\/wp\/v2\/types\/product"}],"replies":[{"embeddable":true,"href":"https:\/\/streetmarkets.fr\/app\/wp-json\/wp\/v2\/comments?post=4052122"}],"wp:featuredmedia":[{"embeddable":true,"href":"https:\/\/streetmarkets.fr\/app\/wp-json\/wp\/v2\/media\/4145087"}],"wp:attachment":[{"href":"https:\/\/streetmarkets.fr\/app\/wp-json\/wp\/v2\/media?parent=4052122"}],"wp:term":[{"taxonomy":"product_brand","embeddable":true,"href":"https:\/\/streetmarkets.fr\/app\/wp-json\/wp\/v2\/product_brand?post=4052122"},{"taxonomy":"product_cat","embeddable":true,"href":"https:\/\/streetmarkets.fr\/app\/wp-json\/wp\/v2\/product_cat?post=4052122"},{"taxonomy":"product_tag","embeddable":true,"href":"https:\/\/streetmarkets.fr\/app\/wp-json\/wp\/v2\/product_tag?post=4052122"}],"curies":[{"name":"wp","href":"https:\/\/api.w.org\/{rel}","templated":true}]}}