{"id":4052109,"date":"2026-04-30T02:35:27","date_gmt":"2026-04-30T00:35:27","guid":{"rendered":"https:\/\/streetmarkets.fr\/app\/produit\/t-shirt-sans-manches-vruno-261-w-artic\/"},"modified":"2026-05-15T02:40:44","modified_gmt":"2026-05-15T00:40:44","slug":"t-shirt-sans-manches-vruno-261-w-artic","status":"publish","type":"product","link":"https:\/\/streetmarkets.fr\/app\/produit\/t-shirt-sans-manches-vruno-261-w-artic\/","title":{"rendered":"T-shirt sans manches Vruno (261 \/ W \/ ARTIC)"},"content":{"rendered":"<p>T-shirt sans manches classique avec bords c\u00f4tel\u00e9s aux \u00e9paules et encolure ras du cou, confectionn\u00e9 en jersey de coton bleu-gris de poids moyen.<\/p>\n<ul>\n<li>Coupe classique<\/li>\n<li>Col rond<\/li>\n<li>Bords c\u00f4tel\u00e9s aux \u00e9paules<\/li>\n<li>Logo \u00ab bb \u00bb brod\u00e9 \u00e0 l&#8217;ourlet<\/li>\n<li>Jersey de coton de poids moyen, 160 g\/m\u00b2<\/li>\n<\/ul>\n","protected":false},"excerpt":{"rendered":"<p>T-shirt sans manches classique avec bords c\u00f4tel\u00e9s aux \u00e9paules et encolure ras du cou, confectionn\u00e9 en jersey de coton bleu-gris de poids moyen. Coupe classique Col rond Bords c\u00f4tel\u00e9s aux \u00e9paules Logo \u00ab bb \u00bb brod\u00e9 \u00e0 l&#8217;ourlet Jersey de coton de poids moyen, 160 g\/m\u00b2<\/p>\n","protected":false},"featured_media":4140033,"comment_status":"open","ping_status":"closed","template":"","meta":[],"product_brand":[2529],"product_cat":[],"product_tag":[],"acf":[],"_links":{"self":[{"href":"https:\/\/streetmarkets.fr\/app\/wp-json\/wp\/v2\/product\/4052109"}],"collection":[{"href":"https:\/\/streetmarkets.fr\/app\/wp-json\/wp\/v2\/product"}],"about":[{"href":"https:\/\/streetmarkets.fr\/app\/wp-json\/wp\/v2\/types\/product"}],"replies":[{"embeddable":true,"href":"https:\/\/streetmarkets.fr\/app\/wp-json\/wp\/v2\/comments?post=4052109"}],"wp:featuredmedia":[{"embeddable":true,"href":"https:\/\/streetmarkets.fr\/app\/wp-json\/wp\/v2\/media\/4140033"}],"wp:attachment":[{"href":"https:\/\/streetmarkets.fr\/app\/wp-json\/wp\/v2\/media?parent=4052109"}],"wp:term":[{"taxonomy":"product_brand","embeddable":true,"href":"https:\/\/streetmarkets.fr\/app\/wp-json\/wp\/v2\/product_brand?post=4052109"},{"taxonomy":"product_cat","embeddable":true,"href":"https:\/\/streetmarkets.fr\/app\/wp-json\/wp\/v2\/product_cat?post=4052109"},{"taxonomy":"product_tag","embeddable":true,"href":"https:\/\/streetmarkets.fr\/app\/wp-json\/wp\/v2\/product_tag?post=4052109"}],"curies":[{"name":"wp","href":"https:\/\/api.w.org\/{rel}","templated":true}]}}