{"id":4051965,"date":"2026-04-30T02:35:14","date_gmt":"2026-04-30T00:35:14","guid":{"rendered":"https:\/\/streetmarkets.fr\/app\/produit\/pantalon-fusele-jilo-261-w-stripe-a-2\/"},"modified":"2026-05-16T02:40:28","modified_gmt":"2026-05-16T00:40:28","slug":"pantalon-fusele-jilo-261-w-stripe-a-2","status":"publish","type":"product","link":"https:\/\/streetmarkets.fr\/app\/produit\/pantalon-fusele-jilo-261-w-stripe-a-2\/","title":{"rendered":"Pantalon fusel\u00e9 Jilo (261 \/ W \/ STRIPE A)"},"content":{"rendered":"<p>Pantalon fusel\u00e9 \u00e0 rayures fines \u00e9cru, avec taille \u00e9lastiqu\u00e9e et poches sur les coutures lat\u00e9rales.<\/p>\n<ul>\n<li>Coupe d\u00e9contract\u00e9e<\/li>\n<li>Silhouette \u00e9vas\u00e9e<\/li>\n<li>Taille enti\u00e8rement \u00e9lastiqu\u00e9e<\/li>\n<li>Poches sur les coutures lat\u00e9rales<\/li>\n<li>Poches passepoil\u00e9es \u00e0 l&#8217;arri\u00e8re<\/li>\n<li>Motif ray\u00e9 vertical<\/li>\n<li>Entrejambe : 32&#8243; (bas\u00e9 sur une taille 36)<\/li>\n<li>La longueur de l&#8217;entrejambe s&#8217;ajuste l\u00e9g\u00e8rement en fonction de la taille choisie afin d&#8217;assurer une coupe proportionn\u00e9e.<\/li>\n<li>Ensemble assorti avec la blouse \u00e0 manches courtes Pear<\/li>\n<\/ul>\n","protected":false},"excerpt":{"rendered":"<p>Pantalon fusel\u00e9 \u00e0 rayures fines \u00e9cru, avec taille \u00e9lastiqu\u00e9e et poches sur les coutures lat\u00e9rales. Coupe d\u00e9contract\u00e9e Silhouette \u00e9vas\u00e9e Taille enti\u00e8rement \u00e9lastiqu\u00e9e Poches sur les coutures lat\u00e9rales Poches passepoil\u00e9es \u00e0 l&#8217;arri\u00e8re Motif ray\u00e9 vertical Entrejambe : 32&#8243; (bas\u00e9 sur une taille 36) La longueur de l&#8217;entrejambe s&#8217;ajuste l\u00e9g\u00e8rement en fonction de la taille choisie afin [&hellip;]<\/p>\n","protected":false},"featured_media":4144999,"comment_status":"open","ping_status":"closed","template":"","meta":[],"product_brand":[2529],"product_cat":[],"product_tag":[],"acf":[],"_links":{"self":[{"href":"https:\/\/streetmarkets.fr\/app\/wp-json\/wp\/v2\/product\/4051965"}],"collection":[{"href":"https:\/\/streetmarkets.fr\/app\/wp-json\/wp\/v2\/product"}],"about":[{"href":"https:\/\/streetmarkets.fr\/app\/wp-json\/wp\/v2\/types\/product"}],"replies":[{"embeddable":true,"href":"https:\/\/streetmarkets.fr\/app\/wp-json\/wp\/v2\/comments?post=4051965"}],"wp:featuredmedia":[{"embeddable":true,"href":"https:\/\/streetmarkets.fr\/app\/wp-json\/wp\/v2\/media\/4144999"}],"wp:attachment":[{"href":"https:\/\/streetmarkets.fr\/app\/wp-json\/wp\/v2\/media?parent=4051965"}],"wp:term":[{"taxonomy":"product_brand","embeddable":true,"href":"https:\/\/streetmarkets.fr\/app\/wp-json\/wp\/v2\/product_brand?post=4051965"},{"taxonomy":"product_cat","embeddable":true,"href":"https:\/\/streetmarkets.fr\/app\/wp-json\/wp\/v2\/product_cat?post=4051965"},{"taxonomy":"product_tag","embeddable":true,"href":"https:\/\/streetmarkets.fr\/app\/wp-json\/wp\/v2\/product_tag?post=4051965"}],"curies":[{"name":"wp","href":"https:\/\/api.w.org\/{rel}","templated":true}]}}