{"id":4051936,"date":"2026-04-30T02:35:12","date_gmt":"2026-04-30T00:35:12","guid":{"rendered":"https:\/\/streetmarkets.fr\/app\/produit\/sac-a-main-ibox-261-w-stripe-a\/"},"modified":"2026-05-16T02:40:28","modified_gmt":"2026-05-16T00:40:28","slug":"sac-a-main-ibox-261-w-stripe-a","status":"publish","type":"product","link":"https:\/\/streetmarkets.fr\/app\/produit\/sac-a-main-ibox-261-w-stripe-a\/","title":{"rendered":"Sac \u00e0 main Ibox (261 \/ W \/ STRIPE A)"},"content":{"rendered":"<p>Sac \u00e0 main en coton tiss\u00e9 \u00e9pais \u00e0 rayures noires et blanches, tr\u00e8s spacieux \u00e0 l&#8217;int\u00e9rieur.<\/p>\n<ul>\n<li>100 % coton tiss\u00e9 \u00e9pais<\/li>\n<li>Une paire de poign\u00e9es r\u00e9sistantes<\/li>\n<li>Poche int\u00e9rieure avec \u00e9tiquette nominative<\/li>\n<li>\u00c9tiquette Bellerose en caoutchouc ton sur ton sur la couture lat\u00e9rale<\/li>\n<li>Dimensions : 35 x 61 x 30 cm<\/li>\n<li>Longueur des anses : 17 cm<\/li>\n<\/ul>\n","protected":false},"excerpt":{"rendered":"<p>Sac \u00e0 main en coton tiss\u00e9 \u00e9pais \u00e0 rayures noires et blanches, tr\u00e8s spacieux \u00e0 l&#8217;int\u00e9rieur. 100 % coton tiss\u00e9 \u00e9pais Une paire de poign\u00e9es r\u00e9sistantes Poche int\u00e9rieure avec \u00e9tiquette nominative \u00c9tiquette Bellerose en caoutchouc ton sur ton sur la couture lat\u00e9rale Dimensions : 35 x 61 x 30 cm Longueur des anses : 17 [&hellip;]<\/p>\n","protected":false},"featured_media":4144980,"comment_status":"open","ping_status":"closed","template":"","meta":[],"product_brand":[2529],"product_cat":[],"product_tag":[],"acf":[],"_links":{"self":[{"href":"https:\/\/streetmarkets.fr\/app\/wp-json\/wp\/v2\/product\/4051936"}],"collection":[{"href":"https:\/\/streetmarkets.fr\/app\/wp-json\/wp\/v2\/product"}],"about":[{"href":"https:\/\/streetmarkets.fr\/app\/wp-json\/wp\/v2\/types\/product"}],"replies":[{"embeddable":true,"href":"https:\/\/streetmarkets.fr\/app\/wp-json\/wp\/v2\/comments?post=4051936"}],"wp:featuredmedia":[{"embeddable":true,"href":"https:\/\/streetmarkets.fr\/app\/wp-json\/wp\/v2\/media\/4144980"}],"wp:attachment":[{"href":"https:\/\/streetmarkets.fr\/app\/wp-json\/wp\/v2\/media?parent=4051936"}],"wp:term":[{"taxonomy":"product_brand","embeddable":true,"href":"https:\/\/streetmarkets.fr\/app\/wp-json\/wp\/v2\/product_brand?post=4051936"},{"taxonomy":"product_cat","embeddable":true,"href":"https:\/\/streetmarkets.fr\/app\/wp-json\/wp\/v2\/product_cat?post=4051936"},{"taxonomy":"product_tag","embeddable":true,"href":"https:\/\/streetmarkets.fr\/app\/wp-json\/wp\/v2\/product_tag?post=4051936"}],"curies":[{"name":"wp","href":"https:\/\/api.w.org\/{rel}","templated":true}]}}