{"id":4051923,"date":"2026-04-30T02:35:10","date_gmt":"2026-04-30T00:35:10","guid":{"rendered":"https:\/\/streetmarkets.fr\/app\/produit\/chaussettes-cotelees-balla-261-w-white\/"},"modified":"2026-05-11T02:48:58","modified_gmt":"2026-05-11T00:48:58","slug":"chaussettes-cotelees-balla-261-w-white","status":"publish","type":"product","link":"https:\/\/streetmarkets.fr\/app\/produit\/chaussettes-cotelees-balla-261-w-white\/","title":{"rendered":"Chaussettes c\u00f4tel\u00e9es Balla (261 \/ W \/ WHITE)"},"content":{"rendered":"<p>Chaussettes mi-mollet c\u00f4tel\u00e9es de poids moyen, blanches avec rayures bleues aux chevilles et petit logo \u00ab blr \u00bb rouge.<\/p>\n<ul>\n<li>Longueur mi-mollet<\/li>\n<li>Texture c\u00f4tel\u00e9e mi-\u00e9paisse<\/li>\n<li>Blanc avec d\u00e9tails ray\u00e9s bleus<\/li>\n<li>Petit logo \u00ab blr \u00bb rouge sur le revers<\/li>\n<\/ul>\n","protected":false},"excerpt":{"rendered":"<p>Chaussettes mi-mollet c\u00f4tel\u00e9es de poids moyen, blanches avec rayures bleues aux chevilles et petit logo \u00ab blr \u00bb rouge. Longueur mi-mollet Texture c\u00f4tel\u00e9e mi-\u00e9paisse Blanc avec d\u00e9tails ray\u00e9s bleus Petit logo \u00ab blr \u00bb rouge sur le revers<\/p>\n","protected":false},"featured_media":4117502,"comment_status":"open","ping_status":"closed","template":"","meta":[],"product_brand":[2529],"product_cat":[],"product_tag":[],"acf":[],"_links":{"self":[{"href":"https:\/\/streetmarkets.fr\/app\/wp-json\/wp\/v2\/product\/4051923"}],"collection":[{"href":"https:\/\/streetmarkets.fr\/app\/wp-json\/wp\/v2\/product"}],"about":[{"href":"https:\/\/streetmarkets.fr\/app\/wp-json\/wp\/v2\/types\/product"}],"replies":[{"embeddable":true,"href":"https:\/\/streetmarkets.fr\/app\/wp-json\/wp\/v2\/comments?post=4051923"}],"wp:featuredmedia":[{"embeddable":true,"href":"https:\/\/streetmarkets.fr\/app\/wp-json\/wp\/v2\/media\/4117502"}],"wp:attachment":[{"href":"https:\/\/streetmarkets.fr\/app\/wp-json\/wp\/v2\/media?parent=4051923"}],"wp:term":[{"taxonomy":"product_brand","embeddable":true,"href":"https:\/\/streetmarkets.fr\/app\/wp-json\/wp\/v2\/product_brand?post=4051923"},{"taxonomy":"product_cat","embeddable":true,"href":"https:\/\/streetmarkets.fr\/app\/wp-json\/wp\/v2\/product_cat?post=4051923"},{"taxonomy":"product_tag","embeddable":true,"href":"https:\/\/streetmarkets.fr\/app\/wp-json\/wp\/v2\/product_tag?post=4051923"}],"curies":[{"name":"wp","href":"https:\/\/api.w.org\/{rel}","templated":true}]}}