{"id":4051918,"date":"2026-04-30T02:35:10","date_gmt":"2026-04-30T00:35:10","guid":{"rendered":"https:\/\/streetmarkets.fr\/app\/produit\/pull-col-rond-angum-261-w-botanica-3\/"},"modified":"2026-05-07T02:38:42","modified_gmt":"2026-05-07T00:38:42","slug":"pull-col-rond-angum-261-w-botanica-3","status":"publish","type":"product","link":"https:\/\/streetmarkets.fr\/app\/produit\/pull-col-rond-angum-261-w-botanica-3\/","title":{"rendered":"Pull col rond Angum (261 \/ W \/ BOTANICA)"},"content":{"rendered":"<p>Chaussettes mi-mollet c\u00f4tel\u00e9es de poids moyen, vertes avec rayures blanches sur les poignets et petit logo \u00ab blr \u00bb rouge.<\/p>\n<ul>\n<li>Longueur mi-mollet<\/li>\n<li>Texture c\u00f4tel\u00e9e mi-\u00e9paisse<\/li>\n<li>Vert avec rayures blanches<\/li>\n<li>Petit logo \u00ab blr \u00bb rouge sur le revers<\/li>\n<\/ul>\n","protected":false},"excerpt":{"rendered":"<p>Chaussettes mi-mollet c\u00f4tel\u00e9es de poids moyen, vertes avec rayures blanches sur les poignets et petit logo \u00ab blr \u00bb rouge. Longueur mi-mollet Texture c\u00f4tel\u00e9e mi-\u00e9paisse Vert avec rayures blanches Petit logo \u00ab blr \u00bb rouge sur le revers<\/p>\n","protected":false},"featured_media":4095320,"comment_status":"open","ping_status":"closed","template":"","meta":[],"product_brand":[2529],"product_cat":[],"product_tag":[],"acf":[],"_links":{"self":[{"href":"https:\/\/streetmarkets.fr\/app\/wp-json\/wp\/v2\/product\/4051918"}],"collection":[{"href":"https:\/\/streetmarkets.fr\/app\/wp-json\/wp\/v2\/product"}],"about":[{"href":"https:\/\/streetmarkets.fr\/app\/wp-json\/wp\/v2\/types\/product"}],"replies":[{"embeddable":true,"href":"https:\/\/streetmarkets.fr\/app\/wp-json\/wp\/v2\/comments?post=4051918"}],"wp:featuredmedia":[{"embeddable":true,"href":"https:\/\/streetmarkets.fr\/app\/wp-json\/wp\/v2\/media\/4095320"}],"wp:attachment":[{"href":"https:\/\/streetmarkets.fr\/app\/wp-json\/wp\/v2\/media?parent=4051918"}],"wp:term":[{"taxonomy":"product_brand","embeddable":true,"href":"https:\/\/streetmarkets.fr\/app\/wp-json\/wp\/v2\/product_brand?post=4051918"},{"taxonomy":"product_cat","embeddable":true,"href":"https:\/\/streetmarkets.fr\/app\/wp-json\/wp\/v2\/product_cat?post=4051918"},{"taxonomy":"product_tag","embeddable":true,"href":"https:\/\/streetmarkets.fr\/app\/wp-json\/wp\/v2\/product_tag?post=4051918"}],"curies":[{"name":"wp","href":"https:\/\/api.w.org\/{rel}","templated":true}]}}